{"id":148414,"date":"2025-12-18T00:39:34","date_gmt":"2025-12-17T21:39:34","guid":{"rendered":"https:\/\/baldumarket.lt\/?post_type=product&#038;p=148414"},"modified":"2026-02-03T23:34:57","modified_gmt":"2026-02-03T20:34:57","slug":"naroznik-storm-xl-gr1","status":"publish","type":"product","link":"https:\/\/baldumarket.lt\/lt\/product\/naroznik-storm-xl-gr1\/","title":{"rendered":"\u201eStorm XL Gr1\u201c kampin\u0117 sofa"},"content":{"rendered":"<h5><span style=\"color: #54859b\">Apsilankykite m\u016bs\u0173 virtualioje WERSAL prek\u0117s \u017eenklo parduotuv\u0117je<\/span><\/h5>\n<p> <a href=\"https:\/\/my.matterport.com\/show\/?m=SjRhosZFbQJ\" target=\"_blank\" rel=\"noopener\"><span style=\"color: #e47025\">https:\/\/my.matterport.com\/<\/span><\/a><\/p>\n<p>Kampin\u0117 sofa \u201eStorm XL\u201c \u2013 did\u017eiausias presti\u017ein\u0117s \u201eStorm\u201c serijos modelis, skirtas erdvioms svetain\u0117ms ir vartotojams, kuriems reikalingas maksimalus komfortas. Modernus dizainas ant auk\u0161t\u0173 metalini\u0173 kojeli\u0173, \u0161e\u0161ios reguliuojamos galvos atramos ir pasirenkama elektrin\u0117 i\u0161traukiama koj\u0173 atrama u\u017etikrina prabang\u0173 atsipalaidavim\u0105 ir visi\u0161k\u0105 pritaikym\u0105. D\u0117l gili\u0173, reguliuojam\u0173 s\u0117dyni\u0173 ir \u012fsp\u016bding\u0173 matmen\u0173 \u201eStorm XL\u201c yra tobulas poilsio centras visai \u0161eimai.<\/p>","protected":false},"excerpt":{"rendered":"<p>Forma: U<br \/>\nKampin\u0117 pus\u0117: Kair\u0117<br \/>\nKampin\u0117 pus\u0117: De\u0161in\u0117<br \/>\nPlotis: 387 cm<br \/>\nGylis: 231 cm<br \/>\nAuk\u0161tis: 92 cm<br \/>\nS\u0117dyn\u0117s auk\u0161tis: 47 cm<br \/>\nOsmano s\u0117dyn\u0117s gylis: 177\/197 cm<br \/>\nOsmano plotis: 106 cm<br \/>\nOsmano plotis: 125 cm<br \/>\nOsmano plotis: 117 cm<br \/>\nOsmano plotis: 108 cm<br \/>\nOsmano plotis: 106\/125 cm<\/p>","protected":false},"featured_media":148468,"comment_status":"open","ping_status":"closed","template":"","meta":[],"product_brand":[],"product_cat":[9386,616,1982,4104],"product_tag":[],"class_list":{"0":"post-148414","1":"product","2":"type-product","3":"status-publish","4":"has-post-thumbnail","6":"product_cat-avangarde-wersal-upholstered-furniture","7":"product_cat-corners","8":"product_cat-corners-u","9":"product_cat-wersal","11":"first","12":"instock","13":"shipping-taxable","14":"purchasable","15":"product-type-variable","16":"wvs-archive-product-wrapper"},"_links":{"self":[{"href":"https:\/\/baldumarket.lt\/lt\/wp-json\/wp\/v2\/product\/148414","targetHints":{"allow":["GET"]}}],"collection":[{"href":"https:\/\/baldumarket.lt\/lt\/wp-json\/wp\/v2\/product"}],"about":[{"href":"https:\/\/baldumarket.lt\/lt\/wp-json\/wp\/v2\/types\/product"}],"replies":[{"embeddable":true,"href":"https:\/\/baldumarket.lt\/lt\/wp-json\/wp\/v2\/comments?post=148414"}],"wp:featuredmedia":[{"embeddable":true,"href":"https:\/\/baldumarket.lt\/lt\/wp-json\/wp\/v2\/media\/148468"}],"wp:attachment":[{"href":"https:\/\/baldumarket.lt\/lt\/wp-json\/wp\/v2\/media?parent=148414"}],"wp:term":[{"taxonomy":"product_brand","embeddable":true,"href":"https:\/\/baldumarket.lt\/lt\/wp-json\/wp\/v2\/product_brand?post=148414"},{"taxonomy":"product_cat","embeddable":true,"href":"https:\/\/baldumarket.lt\/lt\/wp-json\/wp\/v2\/product_cat?post=148414"},{"taxonomy":"product_tag","embeddable":true,"href":"https:\/\/baldumarket.lt\/lt\/wp-json\/wp\/v2\/product_tag?post=148414"}],"curies":[{"name":"wp","href":"https:\/\/api.w.org\/{rel}","templated":true}]}}