{"id":148366,"date":"2025-12-18T00:35:22","date_gmt":"2025-12-17T21:35:22","guid":{"rendered":"https:\/\/baldumarket.lt\/?post_type=product&#038;p=148366"},"modified":"2026-02-03T23:34:58","modified_gmt":"2026-02-03T20:34:58","slug":"naroznik-velpa-s-gr1","status":"publish","type":"product","link":"https:\/\/baldumarket.lt\/lt\/product\/naroznik-velpa-s-gr1\/","title":{"rendered":"Velpa S Gr1 kampin\u0117 sofa"},"content":{"rendered":"<h5><span style=\"color: #54859b\">Apsilankykite m\u016bs\u0173 virtualioje WERSAL prek\u0117s \u017eenklo parduotuv\u0117je<\/span><\/h5>\n<p> <a href=\"https:\/\/my.matterport.com\/show\/?m=SjRhosZFbQJ\" target=\"_blank\" rel=\"noopener\"><span style=\"color: #e47025\">https:\/\/my.matterport.com\/<\/span><\/a><\/p>\n<p>\u201eAvangarde\u201c kolekcijos \u201eVelpa S\u201c kampin\u0117 sofa \u2013 tai modernus modelis, sukurtas tiems, kurie tikisi i\u0161skirtinio komforto, dizaineri\u0161kos i\u0161vaizdos ir funkcionali\u0173 sprendim\u0173. \u0160velnios linijos, apvali forma ir subtilus dygsniavimas suteikia jaukumo bet kokiam interjerui, o eleganti\u0161ka apdaila pabr\u0117\u017eia prabang\u0173 baldo charakter\u012f. Did\u017eiausias modelio privalumas \u2013 elektrinis s\u0117dyn\u0117s prailginimas, leid\u017eiantis reguliuoti gyl\u012f nuo 0 iki 17 cm, u\u017etikrinant tobul\u0105 pritaikym\u0105 vartotojui. D\u0117l tvirtos konstrukcijos ir auk\u0161tos kokyb\u0117s put\u0173, kampin\u0117 sofa u\u017etikrina ilgalaik\u012f komfort\u0105 ilgus metus.<\/p>","protected":false},"excerpt":{"rendered":"<p>Forma: L<br \/>\nKampin\u0117 pus\u0117: Kair\u0117<br \/>\nKampin\u0117 pus\u0117: De\u0161in\u0117<br \/>\nPlotis: 284 cm<br \/>\nGylis: 183 cm<br \/>\nAuk\u0161tis: 79 cm<br \/>\nS\u0117dyn\u0117s auk\u0161tis: 46 cm<br \/>\nOsmano plotis: 115 cm<br \/>\nOsmano gylis: 144 cm<br \/>\nKojos auk\u0161tis: 10 cm<br \/>\nKoj\u0173 spalva: juoda<br \/>\nKoj\u0173 med\u017eiaga: mediena<br \/>\nSvoris: 118 kg<\/p>","protected":false},"featured_media":148415,"comment_status":"open","ping_status":"closed","template":"","meta":[],"product_brand":[],"product_cat":[9386,616,1983,4104],"product_tag":[],"class_list":{"0":"post-148366","1":"product","2":"type-product","3":"status-publish","4":"has-post-thumbnail","6":"product_cat-avangarde-wersal-upholstered-furniture","7":"product_cat-corners","8":"product_cat-corners-l","9":"product_cat-wersal","11":"first","12":"instock","13":"shipping-taxable","14":"purchasable","15":"product-type-variable","16":"wvs-archive-product-wrapper"},"_links":{"self":[{"href":"https:\/\/baldumarket.lt\/lt\/wp-json\/wp\/v2\/product\/148366","targetHints":{"allow":["GET"]}}],"collection":[{"href":"https:\/\/baldumarket.lt\/lt\/wp-json\/wp\/v2\/product"}],"about":[{"href":"https:\/\/baldumarket.lt\/lt\/wp-json\/wp\/v2\/types\/product"}],"replies":[{"embeddable":true,"href":"https:\/\/baldumarket.lt\/lt\/wp-json\/wp\/v2\/comments?post=148366"}],"wp:featuredmedia":[{"embeddable":true,"href":"https:\/\/baldumarket.lt\/lt\/wp-json\/wp\/v2\/media\/148415"}],"wp:attachment":[{"href":"https:\/\/baldumarket.lt\/lt\/wp-json\/wp\/v2\/media?parent=148366"}],"wp:term":[{"taxonomy":"product_brand","embeddable":true,"href":"https:\/\/baldumarket.lt\/lt\/wp-json\/wp\/v2\/product_brand?post=148366"},{"taxonomy":"product_cat","embeddable":true,"href":"https:\/\/baldumarket.lt\/lt\/wp-json\/wp\/v2\/product_cat?post=148366"},{"taxonomy":"product_tag","embeddable":true,"href":"https:\/\/baldumarket.lt\/lt\/wp-json\/wp\/v2\/product_tag?post=148366"}],"curies":[{"name":"wp","href":"https:\/\/api.w.org\/{rel}","templated":true}]}}