{"id":148344,"date":"2025-12-18T00:32:44","date_gmt":"2025-12-17T21:32:44","guid":{"rendered":"https:\/\/baldumarket.lt\/?post_type=product&#038;p=148344"},"modified":"2026-02-03T23:34:58","modified_gmt":"2026-02-03T20:34:58","slug":"naroznik-albio-s-gr1","status":"publish","type":"product","link":"https:\/\/baldumarket.lt\/lt\/product\/naroznik-albio-s-gr1\/","title":{"rendered":"Albio S Gr1 kampin\u0117 sofa"},"content":{"rendered":"<h5><span style=\"color: #54859b\">Apsilankykite m\u016bs\u0173 virtualioje WERSAL prek\u0117s \u017eenklo parduotuv\u0117je<\/span><\/h5>\n<p> <a href=\"https:\/\/my.matterport.com\/show\/?m=SjRhosZFbQJ\" target=\"_blank\" rel=\"noopener\"><span style=\"color: #e47025\">https:\/\/my.matterport.com\/<\/span><\/a><\/p>\n<p>Kampin\u0117 sofa ALBIO S \u2013 tai unikalus modernaus dizaino, funkcionalumo ir prabangaus komforto derinys. Minimalistin\u0117 forma ir eleganti\u0161kos si\u016bl\u0117s puikiai tinka moderniam, lofto ir klasikinio elegancijos interjerui. Ji turi elektra i\u0161traukiam\u0105 s\u0117dyn\u0119 (0\u201327 cm), kuri leid\u017eia reguliuoti s\u0117dyn\u0117s gyl\u012f pagal individualius poreikius, ir miegojimo funkcij\u0105, puikiai tinkan\u010di\u0105 retkar\u010diais u\u017esukusiems sve\u010diams per nakt\u012f. Auk\u0161tos kokyb\u0117s N30 putplastis, vingiuotos spyruokl\u0117s ir tvirta konstrukcija garantuoja ilgaam\u017ei\u0161kum\u0105, atsparum\u0105 ir komfort\u0105. Kampin\u0117 sofa yra laisvai stovinti, tod\u0117l j\u0105 galite pastatyti bet kurioje savo svetain\u0117s vietoje.<\/p>","protected":false},"excerpt":{"rendered":"<p>Forma: L<br \/>\nKampin\u0117 pus\u0117: Kair\u0117<br \/>\nKampin\u0117 pus\u0117: De\u0161in\u0117<br \/>\nPlotis: 288 cm<br \/>\nGylis: 114 cm<br \/>\nAuk\u0161tis: 87 cm<br \/>\nS\u0117dyn\u0117s auk\u0161tis: 45 cm<br \/>\nOsmano s\u0117dyn\u0117s gylis: 150 cm<br \/>\nOsmano plotis: 127 cm<br \/>\nKojos auk\u0161tis: 5 cm<br \/>\nKoj\u0173 spalva: juoda<br \/>\nKoj\u0173 med\u017eiaga: plastikas<\/p>","protected":false},"featured_media":148395,"comment_status":"open","ping_status":"closed","template":"","meta":[],"product_brand":[],"product_cat":[9386,616,1983,4104],"product_tag":[],"class_list":{"0":"post-148344","1":"product","2":"type-product","3":"status-publish","4":"has-post-thumbnail","6":"product_cat-avangarde-wersal-upholstered-furniture","7":"product_cat-corners","8":"product_cat-corners-l","9":"product_cat-wersal","11":"first","12":"instock","13":"shipping-taxable","14":"purchasable","15":"product-type-variable","16":"wvs-archive-product-wrapper"},"_links":{"self":[{"href":"https:\/\/baldumarket.lt\/lt\/wp-json\/wp\/v2\/product\/148344","targetHints":{"allow":["GET"]}}],"collection":[{"href":"https:\/\/baldumarket.lt\/lt\/wp-json\/wp\/v2\/product"}],"about":[{"href":"https:\/\/baldumarket.lt\/lt\/wp-json\/wp\/v2\/types\/product"}],"replies":[{"embeddable":true,"href":"https:\/\/baldumarket.lt\/lt\/wp-json\/wp\/v2\/comments?post=148344"}],"wp:featuredmedia":[{"embeddable":true,"href":"https:\/\/baldumarket.lt\/lt\/wp-json\/wp\/v2\/media\/148395"}],"wp:attachment":[{"href":"https:\/\/baldumarket.lt\/lt\/wp-json\/wp\/v2\/media?parent=148344"}],"wp:term":[{"taxonomy":"product_brand","embeddable":true,"href":"https:\/\/baldumarket.lt\/lt\/wp-json\/wp\/v2\/product_brand?post=148344"},{"taxonomy":"product_cat","embeddable":true,"href":"https:\/\/baldumarket.lt\/lt\/wp-json\/wp\/v2\/product_cat?post=148344"},{"taxonomy":"product_tag","embeddable":true,"href":"https:\/\/baldumarket.lt\/lt\/wp-json\/wp\/v2\/product_tag?post=148344"}],"curies":[{"name":"wp","href":"https:\/\/api.w.org\/{rel}","templated":true}]}}