{"id":148310,"date":"2025-12-18T00:29:46","date_gmt":"2025-12-17T21:29:46","guid":{"rendered":"https:\/\/baldumarket.lt\/?post_type=product&#038;p=148310"},"modified":"2026-02-03T23:34:59","modified_gmt":"2026-02-03T20:34:59","slug":"naroznik-velpa-l-gr1","status":"publish","type":"product","link":"https:\/\/baldumarket.lt\/lt\/product\/naroznik-velpa-l-gr1\/","title":{"rendered":"Velpa L Gr1 kampin\u0117 sofa"},"content":{"rendered":"<h5><span style=\"color: #54859b\">Apsilankykite m\u016bs\u0173 virtualioje WERSAL prek\u0117s \u017eenklo parduotuv\u0117je<\/span><\/h5>\n<p> <a href=\"https:\/\/my.matterport.com\/show\/?m=SjRhosZFbQJ\" target=\"_blank\" rel=\"noopener\"><span style=\"color: #e47025\">https:\/\/my.matterport.com\/<\/span><\/a><\/p>\n<p>\u201eVelpa L\u201c kampin\u0117 sofa \u2013 tai modernus, dizainerio sukurtas baldas, skirtas vartotojams, vertinantiems novatori\u0161k\u0105 komfort\u0105 ir elegancij\u0105. I\u0161skirtin\u0117, apvali ir aptaki forma suteikia interjerui unikalaus lengvumo, o elektra reguliuojama s\u0117dyn\u0117 (0\u201317 cm) leid\u017eia reguliuoti s\u0117d\u0117jimo gyl\u012f pagal individualius poreikius. \u201eVelpa L\u201c yra laisvai stovintis baldas, tod\u0117l atrodo stulbinamai i\u0161 bet kokio kampo ir puikiai tiks ir svetain\u0117s centre. Tvirta konstrukcija, vingiuotos spyruokl\u0117s ir kruop\u0161\u010diai atrinktos med\u017eiagos derina modern\u0173 stili\u0173 su patvarumu ir auk\u0161\u010diausiu komforto lygiu.<\/p>","protected":false},"excerpt":{"rendered":"<p>Forma: L<br \/>\nKampin\u0117 pus\u0117: Kair\u0117<br \/>\nKampin\u0117 pus\u0117: De\u0161in\u0117<br \/>\nPlotis: 271 cm<br \/>\nGylis: 205 cm<br \/>\nAuk\u0161tis: 79 cm<br \/>\nS\u0117dyn\u0117s auk\u0161tis: 46 cm<br \/>\nOsmano plotis: 105 cm<br \/>\nOsmano gylis: 172 cm<br \/>\nKojos auk\u0161tis: 10 cm<br \/>\nKoj\u0173 spalva: juoda<br \/>\nKoj\u0173 med\u017eiaga: mediena<br \/>\nSvoris: 120 kg<\/p>","protected":false},"featured_media":148367,"comment_status":"open","ping_status":"closed","template":"","meta":[],"product_brand":[],"product_cat":[9386,616,1983,4104],"product_tag":[],"class_list":{"0":"post-148310","1":"product","2":"type-product","3":"status-publish","4":"has-post-thumbnail","6":"product_cat-avangarde-wersal-upholstered-furniture","7":"product_cat-corners","8":"product_cat-corners-l","9":"product_cat-wersal","11":"first","12":"instock","13":"shipping-taxable","14":"purchasable","15":"product-type-variable","16":"wvs-archive-product-wrapper"},"_links":{"self":[{"href":"https:\/\/baldumarket.lt\/lt\/wp-json\/wp\/v2\/product\/148310","targetHints":{"allow":["GET"]}}],"collection":[{"href":"https:\/\/baldumarket.lt\/lt\/wp-json\/wp\/v2\/product"}],"about":[{"href":"https:\/\/baldumarket.lt\/lt\/wp-json\/wp\/v2\/types\/product"}],"replies":[{"embeddable":true,"href":"https:\/\/baldumarket.lt\/lt\/wp-json\/wp\/v2\/comments?post=148310"}],"wp:featuredmedia":[{"embeddable":true,"href":"https:\/\/baldumarket.lt\/lt\/wp-json\/wp\/v2\/media\/148367"}],"wp:attachment":[{"href":"https:\/\/baldumarket.lt\/lt\/wp-json\/wp\/v2\/media?parent=148310"}],"wp:term":[{"taxonomy":"product_brand","embeddable":true,"href":"https:\/\/baldumarket.lt\/lt\/wp-json\/wp\/v2\/product_brand?post=148310"},{"taxonomy":"product_cat","embeddable":true,"href":"https:\/\/baldumarket.lt\/lt\/wp-json\/wp\/v2\/product_cat?post=148310"},{"taxonomy":"product_tag","embeddable":true,"href":"https:\/\/baldumarket.lt\/lt\/wp-json\/wp\/v2\/product_tag?post=148310"}],"curies":[{"name":"wp","href":"https:\/\/api.w.org\/{rel}","templated":true}]}}