{"id":148298,"date":"2025-12-18T00:28:35","date_gmt":"2025-12-17T21:28:35","guid":{"rendered":"https:\/\/baldumarket.lt\/?post_type=product&#038;p=148298"},"modified":"2026-02-03T23:34:59","modified_gmt":"2026-02-03T20:34:59","slug":"naroznik-velpa-xl-gr1","status":"publish","type":"product","link":"https:\/\/baldumarket.lt\/lt\/product\/naroznik-velpa-xl-gr1\/","title":{"rendered":"Velpa XL Gr1 kampin\u0117 sofa"},"content":{"rendered":"<h5><span style=\"color: #54859b\">Apsilankykite m\u016bs\u0173 virtualioje WERSAL prek\u0117s \u017eenklo parduotuv\u0117je<\/span><\/h5>\n<p> <a href=\"https:\/\/my.matterport.com\/show\/?m=SjRhosZFbQJ\" target=\"_blank\" rel=\"noopener\"><span style=\"color: #e47025\">https:\/\/my.matterport.com\/<\/span><\/a><\/p>\n<p>\u201eVelpa XL\u201c kampin\u0117 sofa \u2013 tai \u012fsp\u016bdingas, modernus baldas, skirtas erdvioms svetain\u0117ms, kuriose svarbiausia yra dizainas ir komfortas. Minimalistin\u0117, geometrin\u0117 forma puikiai dera su naujausiomis interjero dizaino tendencijomis, o didel\u0117s, mink\u0161tos s\u0117dyn\u0117s suteikia i\u0161skirtin\u012f komfort\u0105 kasdieniam naudojimui. Did\u017eiausias modelio privalumas \u2013 elektra i\u0161traukiama s\u0117dyn\u0117 (0\u201317 cm), leid\u017eianti reguliuoti s\u0117dyn\u0117s gyl\u012f pagal individualius pageidavimus. \u201eVelpa XL\u201c taip pat yra laisvai stovintis baldas, tod\u0117l atrodo stulbinamai i\u0161 bet kokio kampo ir gali b\u016bti pastatytas bet kurioje svetain\u0117s vietoje.<\/p>","protected":false},"excerpt":{"rendered":"<p>Forma: U<br \/>\nKampin\u0117 pus\u0117: Kair\u0117<br \/>\nKampin\u0117 pus\u0117: De\u0161in\u0117<br \/>\nPlotis: 355 cm<br \/>\nGylis: 205 cm<br \/>\nAuk\u0161tis: 79 cm<br \/>\nS\u0117dyn\u0117s auk\u0161tis: 46 cm<br \/>\nOsmano s\u0117dyn\u0117s gylis: 144 cm<br \/>\nOsmano gylis: 172 cm<br \/>\nKojos auk\u0161tis: 10 cm<br \/>\nKoj\u0173 spalva: juoda<br \/>\nKoj\u0173 med\u017eiaga: mediena<br \/>\nSvoris: 157 kg<\/p>","protected":false},"featured_media":148356,"comment_status":"open","ping_status":"closed","template":"","meta":[],"product_brand":[],"product_cat":[9386,616,1982,4104],"product_tag":[],"class_list":{"0":"post-148298","1":"product","2":"type-product","3":"status-publish","4":"has-post-thumbnail","6":"product_cat-avangarde-wersal-upholstered-furniture","7":"product_cat-corners","8":"product_cat-corners-u","9":"product_cat-wersal","11":"first","12":"instock","13":"shipping-taxable","14":"purchasable","15":"product-type-variable","16":"wvs-archive-product-wrapper"},"_links":{"self":[{"href":"https:\/\/baldumarket.lt\/lt\/wp-json\/wp\/v2\/product\/148298","targetHints":{"allow":["GET"]}}],"collection":[{"href":"https:\/\/baldumarket.lt\/lt\/wp-json\/wp\/v2\/product"}],"about":[{"href":"https:\/\/baldumarket.lt\/lt\/wp-json\/wp\/v2\/types\/product"}],"replies":[{"embeddable":true,"href":"https:\/\/baldumarket.lt\/lt\/wp-json\/wp\/v2\/comments?post=148298"}],"wp:featuredmedia":[{"embeddable":true,"href":"https:\/\/baldumarket.lt\/lt\/wp-json\/wp\/v2\/media\/148356"}],"wp:attachment":[{"href":"https:\/\/baldumarket.lt\/lt\/wp-json\/wp\/v2\/media?parent=148298"}],"wp:term":[{"taxonomy":"product_brand","embeddable":true,"href":"https:\/\/baldumarket.lt\/lt\/wp-json\/wp\/v2\/product_brand?post=148298"},{"taxonomy":"product_cat","embeddable":true,"href":"https:\/\/baldumarket.lt\/lt\/wp-json\/wp\/v2\/product_cat?post=148298"},{"taxonomy":"product_tag","embeddable":true,"href":"https:\/\/baldumarket.lt\/lt\/wp-json\/wp\/v2\/product_tag?post=148298"}],"curies":[{"name":"wp","href":"https:\/\/api.w.org\/{rel}","templated":true}]}}