{"id":148286,"date":"2025-12-18T00:27:22","date_gmt":"2025-12-17T21:27:22","guid":{"rendered":"https:\/\/baldumarket.lt\/?post_type=product&#038;p=148286"},"modified":"2026-02-03T23:34:59","modified_gmt":"2026-02-03T20:34:59","slug":"naroznik-voss-s-gr1","status":"publish","type":"product","link":"https:\/\/baldumarket.lt\/lt\/product\/naroznik-voss-s-gr1\/","title":{"rendered":"Voss S Gr1 kampin\u0117 sofa"},"content":{"rendered":"<h5><span style=\"color: #54859b\">Apsilankykite m\u016bs\u0173 virtualioje WERSAL prek\u0117s \u017eenklo parduotuv\u0117je<\/span><\/h5>\n<p> <a href=\"https:\/\/my.matterport.com\/show\/?m=SjRhosZFbQJ\" target=\"_blank\" rel=\"noopener\"><span style=\"color: #e47025\">https:\/\/my.matterport.com\/<\/span><\/a><\/p>\n<p>\u201eVoss S\u201c kampin\u0117 sofa \u2013 tai modernus, kompakti\u0161kas baldas, skirtas ma\u017eesn\u0117ms svetain\u0117ms, kuriose svarbiausia yra funkcionalumas ir stilius. Skandinavi\u0161ka estetika, subtili forma ir auk\u0161tos kokyb\u0117s meistri\u0161kumas puikiai atitinka dabartines interjero dizaino tendencijas. \u0160is modelis turi miegojimo funkcij\u0105, patalyn\u0117s d\u0117\u017e\u0119, stumdomas atlo\u0161us ir reguliuojamas galvos atramas, tod\u0117l sof\u0105 galima pritaikyti prie individuali\u0173 naudotojo poreiki\u0173. D\u0117l laisvai stovin\u010dio dizaino \u201eVoss S\u201c atrodo stulbinamai i\u0161 bet kokio kampo ir gali b\u016bti pastatyta kambario centre.<\/p>","protected":false},"excerpt":{"rendered":"<p>Forma: L<br \/>\nKampin\u0117 pus\u0117: Kair\u0117<br \/>\nKampin\u0117 pus\u0117: De\u0161in\u0117<br \/>\nPlotis: 271 cm<br \/>\nGylis: 177 cm<br \/>\nAuk\u0161tis: 77 cm<br \/>\nS\u0117dyn\u0117s auk\u0161tis: 46 cm<br \/>\nOsmano s\u0117dyn\u0117s gylis: 140 cm<br \/>\nOsmano plotis: 113 cm<br \/>\nKojos auk\u0161tis: 14 cm<br \/>\nKoj\u0173 spalva: juoda<br \/>\nKoj\u0173 med\u017eiaga: metalas<br \/>\nKonteinerio matmenys: 15 x 83 x 143 cm<\/p>","protected":false},"featured_media":148345,"comment_status":"open","ping_status":"closed","template":"","meta":[],"product_brand":[],"product_cat":[9386,616,1983,4104],"product_tag":[],"class_list":{"0":"post-148286","1":"product","2":"type-product","3":"status-publish","4":"has-post-thumbnail","6":"product_cat-avangarde-wersal-upholstered-furniture","7":"product_cat-corners","8":"product_cat-corners-l","9":"product_cat-wersal","11":"first","12":"instock","13":"shipping-taxable","14":"purchasable","15":"product-type-variable","16":"wvs-archive-product-wrapper"},"_links":{"self":[{"href":"https:\/\/baldumarket.lt\/lt\/wp-json\/wp\/v2\/product\/148286","targetHints":{"allow":["GET"]}}],"collection":[{"href":"https:\/\/baldumarket.lt\/lt\/wp-json\/wp\/v2\/product"}],"about":[{"href":"https:\/\/baldumarket.lt\/lt\/wp-json\/wp\/v2\/types\/product"}],"replies":[{"embeddable":true,"href":"https:\/\/baldumarket.lt\/lt\/wp-json\/wp\/v2\/comments?post=148286"}],"wp:featuredmedia":[{"embeddable":true,"href":"https:\/\/baldumarket.lt\/lt\/wp-json\/wp\/v2\/media\/148345"}],"wp:attachment":[{"href":"https:\/\/baldumarket.lt\/lt\/wp-json\/wp\/v2\/media?parent=148286"}],"wp:term":[{"taxonomy":"product_brand","embeddable":true,"href":"https:\/\/baldumarket.lt\/lt\/wp-json\/wp\/v2\/product_brand?post=148286"},{"taxonomy":"product_cat","embeddable":true,"href":"https:\/\/baldumarket.lt\/lt\/wp-json\/wp\/v2\/product_cat?post=148286"},{"taxonomy":"product_tag","embeddable":true,"href":"https:\/\/baldumarket.lt\/lt\/wp-json\/wp\/v2\/product_tag?post=148286"}],"curies":[{"name":"wp","href":"https:\/\/api.w.org\/{rel}","templated":true}]}}