{"id":148274,"date":"2025-12-18T00:26:09","date_gmt":"2025-12-17T21:26:09","guid":{"rendered":"https:\/\/baldumarket.lt\/?post_type=product&#038;p=148274"},"modified":"2026-02-03T23:34:59","modified_gmt":"2026-02-03T20:34:59","slug":"naroznik-voss-xl-gr1","status":"publish","type":"product","link":"https:\/\/baldumarket.lt\/lt\/product\/naroznik-voss-xl-gr1\/","title":{"rendered":"Voss XL Gr1 kampin\u0117 sofa"},"content":{"rendered":"<h5><span style=\"color: #54859b\">Apsilankykite m\u016bs\u0173 virtualioje WERSAL prek\u0117s \u017eenklo parduotuv\u0117je<\/span><\/h5>\n<p> <a href=\"https:\/\/my.matterport.com\/show\/?m=SjRhosZFbQJ\" target=\"_blank\" rel=\"noopener\"><span style=\"color: #e47025\">https:\/\/my.matterport.com\/<\/span><\/a><\/p>\n<p>\u201eVoss XL\u201c kampin\u0117 sofa sujungia modern\u0173 dizain\u0105, prabang\u0173 komfort\u0105 ir \u012fsp\u016bding\u0105 funkcionalum\u0105, sukurta didel\u0117ms, eleganti\u0161koms svetain\u0117ms. Eleganti\u0161ka, subtiliai apvali forma ir rafinuotos detal\u0117s paver\u010dia j\u0105 kambario traukos centru. Ji turi miegojimo funkcij\u0105, patalyn\u0117s d\u0117\u017e\u0119, reguliuojamas galvos atramas, stumdomas atlo\u0161us ir patvarias vingiuotas spyruokles su didelio elastingumo putomis, kurios u\u017etikrina maksimal\u0173 komfort\u0105 kasdieniam poilsiui. Laisvai stovinti konstrukcija leid\u017eia kampin\u0119 sof\u0105 pastatyti net kambario centre, i\u0161laikant eleganti\u0161k\u0105 i\u0161vaizd\u0105 i\u0161 bet kurio kampo. Tai puikus pasirinkimas tiems, kurie i\u0161 savo bald\u0173 tikisi auk\u0161\u010diausio lygio funkcionalumo ir stiliaus.<\/p>","protected":false},"excerpt":{"rendered":"<p>Forma: U<br \/>\nKampin\u0117 pus\u0117: Kair\u0117<br \/>\nKampin\u0117 pus\u0117: De\u0161in\u0117<br \/>\nPlotis: 373 cm<br \/>\nGylis: 218 cm<br \/>\nAuk\u0161tis: 77 cm<br \/>\nS\u0117dyn\u0117s auk\u0161tis: 46 cm<br \/>\nOsmano s\u0117dyn\u0117s gylis: 177 cm<br \/>\nOsmano plotis: 125 cm<br \/>\nKojos auk\u0161tis: 14 cm<br \/>\nKoj\u0173 spalva: juoda<br \/>\nKoj\u0173 med\u017eiaga: metalas<br \/>\nKonteinerio matmenys: 15 x 89 x 113 cm<\/p>","protected":false},"featured_media":148335,"comment_status":"open","ping_status":"closed","template":"","meta":[],"product_brand":[],"product_cat":[9386,616,1982,4104],"product_tag":[],"class_list":{"0":"post-148274","1":"product","2":"type-product","3":"status-publish","4":"has-post-thumbnail","6":"product_cat-avangarde-wersal-upholstered-furniture","7":"product_cat-corners","8":"product_cat-corners-u","9":"product_cat-wersal","11":"first","12":"instock","13":"shipping-taxable","14":"purchasable","15":"product-type-variable","16":"wvs-archive-product-wrapper"},"_links":{"self":[{"href":"https:\/\/baldumarket.lt\/lt\/wp-json\/wp\/v2\/product\/148274","targetHints":{"allow":["GET"]}}],"collection":[{"href":"https:\/\/baldumarket.lt\/lt\/wp-json\/wp\/v2\/product"}],"about":[{"href":"https:\/\/baldumarket.lt\/lt\/wp-json\/wp\/v2\/types\/product"}],"replies":[{"embeddable":true,"href":"https:\/\/baldumarket.lt\/lt\/wp-json\/wp\/v2\/comments?post=148274"}],"wp:featuredmedia":[{"embeddable":true,"href":"https:\/\/baldumarket.lt\/lt\/wp-json\/wp\/v2\/media\/148335"}],"wp:attachment":[{"href":"https:\/\/baldumarket.lt\/lt\/wp-json\/wp\/v2\/media?parent=148274"}],"wp:term":[{"taxonomy":"product_brand","embeddable":true,"href":"https:\/\/baldumarket.lt\/lt\/wp-json\/wp\/v2\/product_brand?post=148274"},{"taxonomy":"product_cat","embeddable":true,"href":"https:\/\/baldumarket.lt\/lt\/wp-json\/wp\/v2\/product_cat?post=148274"},{"taxonomy":"product_tag","embeddable":true,"href":"https:\/\/baldumarket.lt\/lt\/wp-json\/wp\/v2\/product_tag?post=148274"}],"curies":[{"name":"wp","href":"https:\/\/api.w.org\/{rel}","templated":true}]}}