{"id":148250,"date":"2025-12-18T00:23:53","date_gmt":"2025-12-17T21:23:53","guid":{"rendered":"https:\/\/baldumarket.lt\/?post_type=product&#038;p=148250"},"modified":"2026-02-03T23:34:59","modified_gmt":"2026-02-03T20:34:59","slug":"naroznik-elektryczny-mateo-s-wersal-gr1","status":"publish","type":"product","link":"https:\/\/baldumarket.lt\/lt\/product\/naroznik-elektryczny-mateo-s-wersal-gr1\/","title":{"rendered":"Mateo S WERSAL Gr1 elektrin\u0117 kampin\u0117 sofa"},"content":{"rendered":"<h5><span style=\"color: #54859b\">Apsilankykite m\u016bs\u0173 virtualioje WERSAL prek\u0117s \u017eenklo parduotuv\u0117je<\/span><\/h5>\n<p> <a href=\"https:\/\/my.matterport.com\/show\/?m=SjRhosZFbQJ\" target=\"_blank\" rel=\"noopener\"><span style=\"color: #e47025\">https:\/\/my.matterport.com\/<\/span><\/a><\/p>\n<p>\u201eAvangarde\u201c kolekcijos \u201eMateo S\u201c kampin\u0117 sofa \u2013 tai modernus, auk\u0161\u010diausios kokyb\u0117s baldas, kuriame dera elegancija, komfortas ir funkcionalumas. Su elektra valdoma 60 cm plo\u010dio s\u0117dyne, dviem reguliuojamais galvos atlo\u0161ais ir patalyn\u0117s skyriumi, ji garantuoja visi\u0161k\u0105 komfort\u0105 ir pritaikomum\u0105 individualiems poreikiams. Tvirta konstrukcija, paremta \u201eNosag\u201c spyruokl\u0117mis ir HR putomis, u\u017etikrina ilgaam\u017ei\u0161kum\u0105, o 5 cm metalin\u0117s kojel\u0117s suteikia lengvumo ir modernumo.<\/p>","protected":false},"excerpt":{"rendered":"<p>Forma: L<br \/>\nKampin\u0117 pus\u0117: Kair\u0117<br \/>\nKampin\u0117 pus\u0117: De\u0161in\u0117<br \/>\nPlotis: 273 cm<br \/>\nGylis: 110 cm<br \/>\nAuk\u0161tis: 86 cm<br \/>\nS\u0117dyn\u0117s auk\u0161tis: 44,5 cm<br \/>\nOsmano plotis: 104 cm<br \/>\nOsmano gylis: 137 cm<br \/>\nKojos auk\u0161tis: 5 cm<br \/>\nKoj\u0173 spalva: juoda<br \/>\nKoj\u0173 med\u017eiaga: plastikas<br \/>\nKonteinerio matmenys: 17 x 74 x 165 cm<\/p>","protected":false},"featured_media":148311,"comment_status":"open","ping_status":"closed","template":"","meta":[],"product_brand":[],"product_cat":[9386,616,1983,4104],"product_tag":[],"class_list":{"0":"post-148250","1":"product","2":"type-product","3":"status-publish","4":"has-post-thumbnail","6":"product_cat-avangarde-wersal-upholstered-furniture","7":"product_cat-corners","8":"product_cat-corners-l","9":"product_cat-wersal","11":"first","12":"instock","13":"shipping-taxable","14":"purchasable","15":"product-type-variable","16":"wvs-archive-product-wrapper"},"_links":{"self":[{"href":"https:\/\/baldumarket.lt\/lt\/wp-json\/wp\/v2\/product\/148250","targetHints":{"allow":["GET"]}}],"collection":[{"href":"https:\/\/baldumarket.lt\/lt\/wp-json\/wp\/v2\/product"}],"about":[{"href":"https:\/\/baldumarket.lt\/lt\/wp-json\/wp\/v2\/types\/product"}],"replies":[{"embeddable":true,"href":"https:\/\/baldumarket.lt\/lt\/wp-json\/wp\/v2\/comments?post=148250"}],"wp:featuredmedia":[{"embeddable":true,"href":"https:\/\/baldumarket.lt\/lt\/wp-json\/wp\/v2\/media\/148311"}],"wp:attachment":[{"href":"https:\/\/baldumarket.lt\/lt\/wp-json\/wp\/v2\/media?parent=148250"}],"wp:term":[{"taxonomy":"product_brand","embeddable":true,"href":"https:\/\/baldumarket.lt\/lt\/wp-json\/wp\/v2\/product_brand?post=148250"},{"taxonomy":"product_cat","embeddable":true,"href":"https:\/\/baldumarket.lt\/lt\/wp-json\/wp\/v2\/product_cat?post=148250"},{"taxonomy":"product_tag","embeddable":true,"href":"https:\/\/baldumarket.lt\/lt\/wp-json\/wp\/v2\/product_tag?post=148250"}],"curies":[{"name":"wp","href":"https:\/\/api.w.org\/{rel}","templated":true}]}}