{"id":148118,"date":"2025-12-18T00:11:00","date_gmt":"2025-12-17T21:11:00","guid":{"rendered":"https:\/\/baldumarket.lt\/?post_type=product&#038;p=148118"},"modified":"2026-02-03T23:35:01","modified_gmt":"2026-02-03T20:35:01","slug":"naroznik-elektryczny-tollo-l-aphrodite-04-wersal-gr1","status":"publish","type":"product","link":"https:\/\/baldumarket.lt\/lt\/product\/naroznik-elektryczny-tollo-l-aphrodite-04-wersal-gr1\/","title":{"rendered":"Elektrin\u0117 kampin\u0117 sofa Tollo L &#8211; Aphrodite 04 WERSAL Gr1"},"content":{"rendered":"<h5><span style=\"color: #54859b\">Apsilankykite m\u016bs\u0173 virtualioje WERSAL prek\u0117s \u017eenklo parduotuv\u0117je<\/span><\/h5>\n<p> <a href=\"https:\/\/my.matterport.com\/show\/?m=SjRhosZFbQJ\" target=\"_blank\" rel=\"noopener\"><span style=\"color: #e47025\">https:\/\/my.matterport.com\/<\/span><\/a><\/p>\n<p>\u201eTollo L\u201c kampin\u0117 sofa \u2013 tai modernus modelis, skirtas tiems, kurie tikisi maksimalaus komforto, eleganti\u0161ko stiliaus ir pa\u017eangaus funkcionalumo. Minimalistinis dizainas puikiai dera prie prabangi\u0173 ir moderni\u0173 interjer\u0173, suteikdamas jiems presti\u017ein\u012f charakter\u012f. Did\u017eiausias jos privalumas \u2013 elektra i\u0161traukiama s\u0117dyn\u0117, reguliuojama iki 60 cm, leid\u017eianti pritaikyti s\u0117dyn\u0117s gyl\u012f pagal individualius pageidavimus. Modelis taip pat turi 126 x 227 cm miegojimo funkcij\u0105 ir erdv\u0173 patalyn\u0117s skyri\u0173, tod\u0117l tai itin prakti\u0161kas sprendimas kasdieniam naudojimui.<\/p>","protected":false},"excerpt":{"rendered":"<p>Forma: L<br \/>\nKampin\u0117 pus\u0117: Kair\u0117<br \/>\nKampin\u0117 pus\u0117: De\u0161in\u0117<br \/>\nPlotis: 302 cm<br \/>\nGylis: 217 cm<br \/>\nAuk\u0161tis: 86 cm<br \/>\nS\u0117dyn\u0117s auk\u0161tis: 43 cm<br \/>\nOsmano s\u0117dyn\u0117s gylis: 104 cm<br \/>\nOsmano plotis: 137 cm<br \/>\nKojos auk\u0161tis: 5 cm<br \/>\nKoj\u0173 spalva: juoda<br \/>\nKoj\u0173 med\u017eiaga: plastikas<br \/>\nKonteinerio matmenys: 120 x 85 x 17 cm<\/p>","protected":false},"featured_media":148179,"comment_status":"open","ping_status":"closed","template":"","meta":[],"product_brand":[],"product_cat":[9386,616,1983,4104],"product_tag":[],"class_list":{"0":"post-148118","1":"product","2":"type-product","3":"status-publish","4":"has-post-thumbnail","6":"product_cat-avangarde-wersal-upholstered-furniture","7":"product_cat-corners","8":"product_cat-corners-l","9":"product_cat-wersal","11":"first","12":"instock","13":"shipping-taxable","14":"purchasable","15":"product-type-variable","16":"wvs-archive-product-wrapper"},"_links":{"self":[{"href":"https:\/\/baldumarket.lt\/lt\/wp-json\/wp\/v2\/product\/148118","targetHints":{"allow":["GET"]}}],"collection":[{"href":"https:\/\/baldumarket.lt\/lt\/wp-json\/wp\/v2\/product"}],"about":[{"href":"https:\/\/baldumarket.lt\/lt\/wp-json\/wp\/v2\/types\/product"}],"replies":[{"embeddable":true,"href":"https:\/\/baldumarket.lt\/lt\/wp-json\/wp\/v2\/comments?post=148118"}],"wp:featuredmedia":[{"embeddable":true,"href":"https:\/\/baldumarket.lt\/lt\/wp-json\/wp\/v2\/media\/148179"}],"wp:attachment":[{"href":"https:\/\/baldumarket.lt\/lt\/wp-json\/wp\/v2\/media?parent=148118"}],"wp:term":[{"taxonomy":"product_brand","embeddable":true,"href":"https:\/\/baldumarket.lt\/lt\/wp-json\/wp\/v2\/product_brand?post=148118"},{"taxonomy":"product_cat","embeddable":true,"href":"https:\/\/baldumarket.lt\/lt\/wp-json\/wp\/v2\/product_cat?post=148118"},{"taxonomy":"product_tag","embeddable":true,"href":"https:\/\/baldumarket.lt\/lt\/wp-json\/wp\/v2\/product_tag?post=148118"}],"curies":[{"name":"wp","href":"https:\/\/api.w.org\/{rel}","templated":true}]}}