{"id":147890,"date":"2025-12-17T23:49:42","date_gmt":"2025-12-17T20:49:42","guid":{"rendered":"https:\/\/baldumarket.lt\/?post_type=product&#038;p=147890"},"modified":"2026-02-03T23:35:04","modified_gmt":"2026-02-03T20:35:04","slug":"wersal-naroznik-tollo-mini-nowoczesny-brazowy-gr1","status":"publish","type":"product","link":"https:\/\/baldumarket.lt\/lt\/product\/wersal-naroznik-tollo-mini-nowoczesny-brazowy-gr1\/","title":{"rendered":"WERSALES Kampin\u0117 sofa Tollo mini Moderni ruda Gr1"},"content":{"rendered":"<h5><span style=\"color: #54859b\">Apsilankykite m\u016bs\u0173 virtualioje WERSAL prek\u0117s \u017eenklo parduotuv\u0117je<\/span><\/h5>\n<p> <a href=\"https:\/\/my.matterport.com\/show\/?m=SjRhosZFbQJ\" target=\"_blank\" rel=\"noopener\"><span style=\"color: #e47025\">https:\/\/my.matterport.com\/<\/span><\/a><\/p>\n<p>Kampin\u0117 sofa \u201eTollo Mini\u201c \u2013 tai kompakti\u0161kas modelis, sukurtas moderniam interjerui, kuriame svarbiausia ir estetika, ir funkcionalumas. Eleganti\u0161ka forma, mink\u0161ta s\u0117dyn\u0117 ir kont\u016bruotos galvos atramos sukuria tobul\u0105 aplink\u0105 kasdieniam poilsiui. Did\u017eiausias kampin\u0117s sofos privalumas \u2013 elektra i\u0161traukiama s\u0117dyn\u0117, reguliuojama iki 60 cm, leid\u017eianti pritaikyti s\u0117d\u0117jimo gyl\u012f pagal individualius poreikius. Miegojimo funkcija, kurios pavir\u0161iaus plotas yra 126 x 235 cm, ir didelis patalyn\u0117s skyrius paver\u010dia \u201eTollo Mini\u201c itin prakti\u0161ku ir patogiu sprendimu svetainei.<\/p>","protected":false},"excerpt":{"rendered":"<p>Forma: L<br \/>\nKampin\u0117 pus\u0117: De\u0161in\u0117<br \/>\nKampin\u0117 pus\u0117: Kair\u0117<br \/>\nPlotis: 283 cm<br \/>\nGylis: 171 cm<br \/>\nAuk\u0161tis: 86 cm<br \/>\nS\u0117dyn\u0117s auk\u0161tis: 43 cm<br \/>\nOsmano plotis: 102 cm<br \/>\nOsmano gylis: 128 cm<br \/>\nKojos auk\u0161tis: 5 cm<br \/>\nKoj\u0173 spalva: juoda<br \/>\nKoj\u0173 med\u017eiaga: plastikas<br \/>\nKonteinerio matmenys: 123 x 74 x 17 cm<\/p>","protected":false},"featured_media":147951,"comment_status":"open","ping_status":"closed","template":"","meta":[],"product_brand":[],"product_cat":[9386,616,1983,4104],"product_tag":[],"class_list":{"0":"post-147890","1":"product","2":"type-product","3":"status-publish","4":"has-post-thumbnail","6":"product_cat-avangarde-wersal-upholstered-furniture","7":"product_cat-corners","8":"product_cat-corners-l","9":"product_cat-wersal","11":"first","12":"instock","13":"shipping-taxable","14":"purchasable","15":"product-type-variable","16":"wvs-archive-product-wrapper"},"_links":{"self":[{"href":"https:\/\/baldumarket.lt\/lt\/wp-json\/wp\/v2\/product\/147890","targetHints":{"allow":["GET"]}}],"collection":[{"href":"https:\/\/baldumarket.lt\/lt\/wp-json\/wp\/v2\/product"}],"about":[{"href":"https:\/\/baldumarket.lt\/lt\/wp-json\/wp\/v2\/types\/product"}],"replies":[{"embeddable":true,"href":"https:\/\/baldumarket.lt\/lt\/wp-json\/wp\/v2\/comments?post=147890"}],"wp:featuredmedia":[{"embeddable":true,"href":"https:\/\/baldumarket.lt\/lt\/wp-json\/wp\/v2\/media\/147951"}],"wp:attachment":[{"href":"https:\/\/baldumarket.lt\/lt\/wp-json\/wp\/v2\/media?parent=147890"}],"wp:term":[{"taxonomy":"product_brand","embeddable":true,"href":"https:\/\/baldumarket.lt\/lt\/wp-json\/wp\/v2\/product_brand?post=147890"},{"taxonomy":"product_cat","embeddable":true,"href":"https:\/\/baldumarket.lt\/lt\/wp-json\/wp\/v2\/product_cat?post=147890"},{"taxonomy":"product_tag","embeddable":true,"href":"https:\/\/baldumarket.lt\/lt\/wp-json\/wp\/v2\/product_tag?post=147890"}],"curies":[{"name":"wp","href":"https:\/\/api.w.org\/{rel}","templated":true}]}}