{"id":147499,"date":"2025-12-17T22:26:04","date_gmt":"2025-12-17T19:26:04","guid":{"rendered":"https:\/\/baldumarket.lt\/?post_type=product&#038;p=147499"},"modified":"2026-02-03T23:35:09","modified_gmt":"2026-02-03T20:35:09","slug":"naroznik-elektryczny-plaza-l-stylowy-wersal-gr1","status":"publish","type":"product","link":"https:\/\/baldumarket.lt\/lt\/product\/naroznik-elektryczny-plaza-l-stylowy-wersal-gr1\/","title":{"rendered":"Elektrin\u0117 kampin\u0117 sofa Plaza L Stylish WERSAL Gr1"},"content":{"rendered":"<h5><span style=\"color: #54859b\">Apsilankykite m\u016bs\u0173 virtualioje WERSAL prek\u0117s \u017eenklo parduotuv\u0117je<\/span><\/h5>\n<p> <a href=\"https:\/\/my.matterport.com\/show\/?m=SjRhosZFbQJ\" target=\"_blank\" rel=\"noopener\"><span style=\"color: #e47025\">https:\/\/my.matterport.com\/<\/span><\/a><\/p>\n<p>PLAZA L kampin\u0117 sofa \u2013 tai eleganti\u0161kas, modernaus charakterio baldas, sukurtas atsi\u017evelgiant \u012f komfort\u0105 ir funkcionalum\u0105. Ji turi elektra valdom\u0105 s\u0117dyn\u0119, slankiojan\u010di\u0105 atlo\u0161\u0105 ir reguliuojamas galvos atramas (5 dalys), kurios leid\u017eia puikiai pritaikyti s\u0117d\u0117jimo pad\u0117t\u012f pagal individualius poreikius. Pu\u0161ies medienos ir MDF konstrukcija, A formos spyruokl\u0117s ir N30 putplastis u\u017etikrina patvarum\u0105 ir komfort\u0105, o 15 cm metalin\u0117s kojel\u0117s suteikia lengvumo ir elegancijos.<\/p>","protected":false},"excerpt":{"rendered":"<p>Forma: L<br \/>\nKampin\u0117 pus\u0117: Kair\u0117<br \/>\nKampin\u0117 pus\u0117: De\u0161in\u0117<br \/>\nPlotis: 300 cm<br \/>\nGylis: 105 cm<br \/>\nAuk\u0161tis: 76 cm<br \/>\nS\u0117dyn\u0117s auk\u0161tis: 44 cm<br \/>\nOsmano s\u0117dyn\u0117s gylis: 172 cm<br \/>\nKojos auk\u0161tis: 15 cm<br \/>\nKoj\u0173 spalva: juoda<br \/>\nKoj\u0173 med\u017eiaga: metalas<br \/>\nSvoris: 151 kg<\/p>","protected":false},"featured_media":147612,"comment_status":"open","ping_status":"closed","template":"","meta":[],"product_brand":[],"product_cat":[9386,616,1983,4104],"product_tag":[],"class_list":{"0":"post-147499","1":"product","2":"type-product","3":"status-publish","4":"has-post-thumbnail","6":"product_cat-avangarde-wersal-upholstered-furniture","7":"product_cat-corners","8":"product_cat-corners-l","9":"product_cat-wersal","11":"first","12":"instock","13":"shipping-taxable","14":"purchasable","15":"product-type-variable","16":"wvs-archive-product-wrapper"},"_links":{"self":[{"href":"https:\/\/baldumarket.lt\/lt\/wp-json\/wp\/v2\/product\/147499","targetHints":{"allow":["GET"]}}],"collection":[{"href":"https:\/\/baldumarket.lt\/lt\/wp-json\/wp\/v2\/product"}],"about":[{"href":"https:\/\/baldumarket.lt\/lt\/wp-json\/wp\/v2\/types\/product"}],"replies":[{"embeddable":true,"href":"https:\/\/baldumarket.lt\/lt\/wp-json\/wp\/v2\/comments?post=147499"}],"wp:featuredmedia":[{"embeddable":true,"href":"https:\/\/baldumarket.lt\/lt\/wp-json\/wp\/v2\/media\/147612"}],"wp:attachment":[{"href":"https:\/\/baldumarket.lt\/lt\/wp-json\/wp\/v2\/media?parent=147499"}],"wp:term":[{"taxonomy":"product_brand","embeddable":true,"href":"https:\/\/baldumarket.lt\/lt\/wp-json\/wp\/v2\/product_brand?post=147499"},{"taxonomy":"product_cat","embeddable":true,"href":"https:\/\/baldumarket.lt\/lt\/wp-json\/wp\/v2\/product_cat?post=147499"},{"taxonomy":"product_tag","embeddable":true,"href":"https:\/\/baldumarket.lt\/lt\/wp-json\/wp\/v2\/product_tag?post=147499"}],"curies":[{"name":"wp","href":"https:\/\/api.w.org\/{rel}","templated":true}]}}