{"id":147280,"date":"2025-12-17T22:08:53","date_gmt":"2025-12-17T19:08:53","guid":{"rendered":"https:\/\/baldumarket.lt\/?post_type=product&#038;p=147280"},"modified":"2026-02-03T23:35:12","modified_gmt":"2026-02-03T20:35:12","slug":"naroznik-gappa-solar-59-tkaniny-promocyjne-gr1","status":"publish","type":"product","link":"https:\/\/baldumarket.lt\/lt\/product\/naroznik-gappa-solar-59-tkaniny-promocyjne-gr1\/","title":{"rendered":"\u201eGappa Solar 59\u201c kampin\u0117s sofos reklaminiai audiniai Gr1"},"content":{"rendered":"<h5><span style=\"color: #54859b\">Apsilankykite m\u016bs\u0173 virtualioje WERSAL prek\u0117s \u017eenklo parduotuv\u0117je<\/span><\/h5>\n<p> <a href=\"https:\/\/my.matterport.com\/show\/?m=SjRhosZFbQJ\" target=\"_blank\" rel=\"noopener\"><span style=\"color: #e47025\">https:\/\/my.matterport.com\/<\/span><\/a><\/p>\n<p>\u201eGappa\u201c kampin\u0117 sofa \u2013 tai modernus minimalistinio dizaino ir novatori\u0161ko funkcionalumo derinys. \u012erengta elektra reguliuojama s\u0117dyn\u0117 (0\u201317 cm), ji u\u017etikrina maksimal\u0173 komfort\u0105 ir prisitaiko prie individuali\u0173 naudotojo poreiki\u0173. Tvirtos, 15 cm auk\u0161\u010dio metalin\u0117s kojel\u0117s suteikia jai lengvumo ir eleganti\u0161kumo poj\u016bt\u012f, o apmu\u0161tas atlo\u0161as leid\u017eia pastatyti j\u0105 bet kurioje svetain\u0117s vietoje. D\u0117l tvirtos konstrukcijos ir auk\u0161tos kokyb\u0117s med\u017eiag\u0173 \u201eGappa\u201c \u2013 tai kampin\u0117 sofa, kurioje tobulai dera stilius ir komfortas.<\/p>","protected":false},"excerpt":{"rendered":"<p>Forma: L<br \/>\nKampin\u0117 pus\u0117: Kair\u0117<br \/>\nKampin\u0117 pus\u0117: De\u0161in\u0117<br \/>\nPlotis: 278 cm<br \/>\nGylis: 94 cm<br \/>\nAuk\u0161tis: 83 cm<br \/>\nS\u0117dyn\u0117s auk\u0161tis: 43 cm<br \/>\nOsmano plotis: 102 cm<br \/>\nOsmano gylis: 150 cm<br \/>\nKojos auk\u0161tis: 15 cm<br \/>\nKoj\u0173 spalva: juoda<br \/>\nKoj\u0173 med\u017eiaga: metalas<br \/>\nSvoris: 118 kg<\/p>","protected":false},"featured_media":147413,"comment_status":"open","ping_status":"closed","template":"","meta":[],"product_brand":[],"product_cat":[9386,616,1983,4104],"product_tag":[],"class_list":{"0":"post-147280","1":"product","2":"type-product","3":"status-publish","4":"has-post-thumbnail","6":"product_cat-avangarde-wersal-upholstered-furniture","7":"product_cat-corners","8":"product_cat-corners-l","9":"product_cat-wersal","11":"first","12":"instock","13":"shipping-taxable","14":"purchasable","15":"product-type-variable","16":"wvs-archive-product-wrapper"},"_links":{"self":[{"href":"https:\/\/baldumarket.lt\/lt\/wp-json\/wp\/v2\/product\/147280","targetHints":{"allow":["GET"]}}],"collection":[{"href":"https:\/\/baldumarket.lt\/lt\/wp-json\/wp\/v2\/product"}],"about":[{"href":"https:\/\/baldumarket.lt\/lt\/wp-json\/wp\/v2\/types\/product"}],"replies":[{"embeddable":true,"href":"https:\/\/baldumarket.lt\/lt\/wp-json\/wp\/v2\/comments?post=147280"}],"wp:featuredmedia":[{"embeddable":true,"href":"https:\/\/baldumarket.lt\/lt\/wp-json\/wp\/v2\/media\/147413"}],"wp:attachment":[{"href":"https:\/\/baldumarket.lt\/lt\/wp-json\/wp\/v2\/media?parent=147280"}],"wp:term":[{"taxonomy":"product_brand","embeddable":true,"href":"https:\/\/baldumarket.lt\/lt\/wp-json\/wp\/v2\/product_brand?post=147280"},{"taxonomy":"product_cat","embeddable":true,"href":"https:\/\/baldumarket.lt\/lt\/wp-json\/wp\/v2\/product_cat?post=147280"},{"taxonomy":"product_tag","embeddable":true,"href":"https:\/\/baldumarket.lt\/lt\/wp-json\/wp\/v2\/product_tag?post=147280"}],"curies":[{"name":"wp","href":"https:\/\/api.w.org\/{rel}","templated":true}]}}