{"id":147028,"date":"2025-12-17T21:53:50","date_gmt":"2025-12-17T18:53:50","guid":{"rendered":"https:\/\/baldumarket.lt\/?post_type=product&#038;p=147028"},"modified":"2026-02-03T23:35:18","modified_gmt":"2026-02-03T20:35:18","slug":"wersal-naroznik-bull-xl-gr1","status":"publish","type":"product","link":"https:\/\/baldumarket.lt\/lt\/product\/wersal-naroznik-bull-xl-gr1\/","title":{"rendered":"WERSALE Kampin\u0117 sofa Bull XL Gr1"},"content":{"rendered":"<h5><span style=\"color: #54859b\">Apsilankykite m\u016bs\u0173 virtualioje WERSAL prek\u0117s \u017eenklo parduotuv\u0117je<\/span><\/h5>\n<p> <a href=\"https:\/\/my.matterport.com\/show\/?m=SjRhosZFbQJ\" target=\"_blank\" rel=\"noopener\"><span style=\"color: #e47025\">https:\/\/my.matterport.com\/<\/span><\/a><\/p>\n<p>Kampin\u0117 sofa \u201eBULL XL\u201c \u2013 tai prabangus, erdvus poilsio baldas, skirtas modernioms ir erdvioms svetain\u0117ms. \u012esp\u016bdinga forma, eleganti\u0161kos si\u016bl\u0117s ir \u0161velniai apvalios linijos puikiai dera prie prabangaus interjero. Sofa su elektra valdoma s\u0117dyne (0\u201327 cm) ir reguliuojamais galvos atlo\u0161ais puikiai atitinka vartotojo poreikius. Auk\u0161tos kokyb\u0117s, labai elastingas putplastis ir vingiuotos spyruokl\u0117s garantuoja i\u0161skirtin\u012f komfort\u0105 ir ilgaam\u017ei\u0161kum\u0105. \u201eBULL XL\u201c \u2013 tai laisvai stovinti kampin\u0117 sofa, kuri\u0105 esteti\u0161kai apdailinto atlo\u0161o d\u0117ka galima pastatyti bet kurioje svetain\u0117s vietoje, sukuriant i\u0161skirtin\u012f akcent\u0105.<\/p>","protected":false},"excerpt":{"rendered":"<p>Forma: U<br \/>\nKampin\u0117 pus\u0117: Kair\u0117<br \/>\nKampin\u0117 pus\u0117: De\u0161in\u0117<br \/>\nPlotis: 393 cm<br \/>\nGylis: 205 cm<br \/>\nAuk\u0161tis: 77 cm<br \/>\nS\u0117dyn\u0117s auk\u0161tis: 44 cm<br \/>\nOsmano plotis: 137 cm<br \/>\nOsmano gylis: 160 cm<br \/>\nKojos auk\u0161tis: 5 cm<br \/>\nKoj\u0173 spalva: juoda<br \/>\nKoj\u0173 med\u017eiaga: plastikas<br \/>\nSvoris: 202 kg<\/p>","protected":false},"featured_media":147058,"comment_status":"open","ping_status":"closed","template":"","meta":[],"product_brand":[],"product_cat":[9386,616,1982,4104],"product_tag":[],"class_list":{"0":"post-147028","1":"product","2":"type-product","3":"status-publish","4":"has-post-thumbnail","6":"product_cat-avangarde-wersal-upholstered-furniture","7":"product_cat-corners","8":"product_cat-corners-u","9":"product_cat-wersal","11":"first","12":"instock","13":"shipping-taxable","14":"purchasable","15":"product-type-variable","16":"wvs-archive-product-wrapper"},"_links":{"self":[{"href":"https:\/\/baldumarket.lt\/lt\/wp-json\/wp\/v2\/product\/147028","targetHints":{"allow":["GET"]}}],"collection":[{"href":"https:\/\/baldumarket.lt\/lt\/wp-json\/wp\/v2\/product"}],"about":[{"href":"https:\/\/baldumarket.lt\/lt\/wp-json\/wp\/v2\/types\/product"}],"replies":[{"embeddable":true,"href":"https:\/\/baldumarket.lt\/lt\/wp-json\/wp\/v2\/comments?post=147028"}],"wp:featuredmedia":[{"embeddable":true,"href":"https:\/\/baldumarket.lt\/lt\/wp-json\/wp\/v2\/media\/147058"}],"wp:attachment":[{"href":"https:\/\/baldumarket.lt\/lt\/wp-json\/wp\/v2\/media?parent=147028"}],"wp:term":[{"taxonomy":"product_brand","embeddable":true,"href":"https:\/\/baldumarket.lt\/lt\/wp-json\/wp\/v2\/product_brand?post=147028"},{"taxonomy":"product_cat","embeddable":true,"href":"https:\/\/baldumarket.lt\/lt\/wp-json\/wp\/v2\/product_cat?post=147028"},{"taxonomy":"product_tag","embeddable":true,"href":"https:\/\/baldumarket.lt\/lt\/wp-json\/wp\/v2\/product_tag?post=147028"}],"curies":[{"name":"wp","href":"https:\/\/api.w.org\/{rel}","templated":true}]}}