{"id":145379,"date":"2025-12-15T16:25:45","date_gmt":"2025-12-15T13:25:45","guid":{"rendered":"https:\/\/baldumarket.lt\/product\/quant-garderoba-qg-04-kontener-135-z-oswietleniem-dab-artisan-czarny\/"},"modified":"2026-02-11T12:34:09","modified_gmt":"2026-02-11T09:34:09","slug":"quant-garderoba-qg-04-kontener-135-z-oswietleniem-dab-artisan-czarny","status":"publish","type":"product","link":"https:\/\/baldumarket.lt\/lt\/product\/quant-garderoba-qg-04-kontener-135-z-oswietleniem-dab-artisan-czarny\/","title":{"rendered":"QUANT Spinta QG-04 &#8211; 135 cm spinta su ap\u0161vietimu &#8211; meni\u0161ko \u0105\u017euolo\/juodos spalvos"},"content":{"rendered":"<p>Ie\u0161kote madingo ir funkcionalaus sprendimo savo prie\u0161kambariui? M\u016bs\u0173 eleganti\u0161ka bat\u0173 spintel\u0117 su s\u0117dyne ne tik pad\u0117s palaikyti tvark\u0105 prie\u0161kambaryje, bet ir suteiks j\u016bs\u0173 interjerui stiliaus bei elegancijos. M\u016bs\u0173 eleganti\u0161ka bat\u0173 spintel\u0117 su s\u0117dyne derina prakti\u0161kum\u0105 ir estetik\u0105. \u012erengtos dvi laikymo vietos, joje telpa daugyb\u0117 bat\u0173 por\u0173, u\u017etikrinant tvark\u0105 ir organizuotum\u0105 j\u016bs\u0173 prie\u0161kambaryje. Be to, s\u0117dyn\u0117 spintel\u0117s vir\u0161uje leid\u017eia patogiai s\u0117d\u0117ti apsiaunant ir nusiaunant batus. \u0160i QUANT kolekcijos bat\u0173 spintel\u0117 i\u0161siskiria eleganti\u0161ku dizainu. Sukurta kruop\u0161\u010diai, ji suteikia j\u016bs\u0173 interjerui i\u0161skirtin\u012f akcent\u0105. Nesvarbu, ar jums labiau patinka modernus minimalizmas, ar klasikinis stilius, m\u016bs\u0173 eleganti\u0161ka bat\u0173 spintel\u0117 su s\u0117dyne puikiai papildys j\u016bs\u0173 interjer\u0105. Be to, ji apr\u016bpinta atmosferiniu LED ap\u0161vietimu, kuris sukuria maloni\u0105 atmosfer\u0105. Jei ie\u0161kote eleganti\u0161ko, funkcionalaus ir stilingo baldo savo prie\u0161kambariui, m\u016bs\u0173 eleganti\u0161ka bat\u0173 spintel\u0117 su s\u0117dyne pateisins visus j\u016bs\u0173 l\u016bkes\u010dius.<\/p>","protected":false},"excerpt":{"rendered":"<p>Looking for a fashionable and functional solution for your hallway? Our elegant shoe cabinet with a seat will not only help you keep your hallway tidy but will also add style and elegance to your interior. Our elegant shoe cabinet with a seat combines practicality with aesthetics. Equipped with two storage compartments, it can accommodate [&hellip;]<\/p>","protected":false},"featured_media":145380,"comment_status":"open","ping_status":"open","template":"","meta":[],"product_brand":[],"product_cat":[9252],"product_tag":[],"class_list":{"0":"post-145379","1":"product","2":"type-product","3":"status-publish","4":"has-post-thumbnail","6":"product_cat-furniture-system-quant-lenart","8":"first","9":"instock","10":"product-type-simple"},"_links":{"self":[{"href":"https:\/\/baldumarket.lt\/lt\/wp-json\/wp\/v2\/product\/145379","targetHints":{"allow":["GET"]}}],"collection":[{"href":"https:\/\/baldumarket.lt\/lt\/wp-json\/wp\/v2\/product"}],"about":[{"href":"https:\/\/baldumarket.lt\/lt\/wp-json\/wp\/v2\/types\/product"}],"replies":[{"embeddable":true,"href":"https:\/\/baldumarket.lt\/lt\/wp-json\/wp\/v2\/comments?post=145379"}],"wp:featuredmedia":[{"embeddable":true,"href":"https:\/\/baldumarket.lt\/lt\/wp-json\/wp\/v2\/media\/145380"}],"wp:attachment":[{"href":"https:\/\/baldumarket.lt\/lt\/wp-json\/wp\/v2\/media?parent=145379"}],"wp:term":[{"taxonomy":"product_brand","embeddable":true,"href":"https:\/\/baldumarket.lt\/lt\/wp-json\/wp\/v2\/product_brand?post=145379"},{"taxonomy":"product_cat","embeddable":true,"href":"https:\/\/baldumarket.lt\/lt\/wp-json\/wp\/v2\/product_cat?post=145379"},{"taxonomy":"product_tag","embeddable":true,"href":"https:\/\/baldumarket.lt\/lt\/wp-json\/wp\/v2\/product_tag?post=145379"}],"curies":[{"name":"wp","href":"https:\/\/api.w.org\/{rel}","templated":true}]}}