{"id":145316,"date":"2025-12-15T16:22:27","date_gmt":"2025-12-15T13:22:27","guid":{"rendered":"https:\/\/baldumarket.lt\/product\/quant-garderoba-qg-03-kontener-92-z-oswietleniem-dab-artisan-czarny\/"},"modified":"2026-02-11T12:34:09","modified_gmt":"2026-02-11T09:34:09","slug":"quant-garderoba-qg-03-kontener-92-z-oswietleniem-dab-artisan-czarny","status":"publish","type":"product","link":"https:\/\/baldumarket.lt\/lt\/product\/quant-garderoba-qg-03-kontener-92-z-oswietleniem-dab-artisan-czarny\/","title":{"rendered":"QUANT Spinta QG-03 \u2013 92 cm spinta su ap\u0161vietimu \u2013 meni\u0161ko \u0105\u017euolo\/juodos spalvos"},"content":{"rendered":"<p>Jei ie\u0161kote prakti\u0161ko ir funkcionalaus baldo savo prie\u0161kambariui, m\u016bs\u0173 bat\u0173 spintel\u0117 su s\u0117dyne yra puikus sprendimas. QG-03 spintel\u0117 ne tik laiko j\u016bs\u0173 batus, bet ir sukuria patogi\u0105 viet\u0105 atsis\u0117sti juos apsiaunant ar nusiaunant. M\u016bs\u0173 bat\u0173 spintel\u0117 su s\u0117dyne yra unikalus baldas, apjungiantis dvi funkcijas: bat\u0173 laikym\u0105 ir patogi\u0105 s\u0117d\u0117jimo viet\u0105. Tai ne tik taupo viet\u0105 j\u016bs\u0173 prie\u0161kambaryje, bet ir sukuria funkcional\u0173 i\u0161d\u0117stym\u0105, kuris supaprastins j\u016bs\u0173 kasdien\u0119 veikl\u0105. Bat\u0173 spintel\u0117 su s\u0117dyne taip pat yra esteti\u0161kai patrauklus dekoratyvinis elementas. Nesvarbu, ar jums labiau patinka modernus minimalizmas, ar klasikin\u0117 elegancija, m\u016bs\u0173 spintel\u0117 suteiks j\u016bs\u0173 prie\u0161kambariui \u017eavesio ir harmonijos. Be to, ji turi du erdvius daiktad\u0117\u017ees ir atmosferin\u012f LED ap\u0161vietim\u0105. Jei ie\u0161kote prakti\u0161ko, stilingo ir funkcionalaus sprendimo savo prie\u0161kambariui, bat\u0173 spintel\u0117 su s\u0117dyne i\u0161 QUANT kolekcijos yra puikus pasirinkimas. \u012esitikinkite patys, kod\u0117l m\u016bs\u0173 bat\u0173 spintel\u0117 su s\u0117dyne yra tobulas baldas j\u016bs\u0173 prie\u0161kambariui, kuris tikrai pad\u0117s jums palaikyti tvark\u0105.<\/p>","protected":false},"excerpt":{"rendered":"<p>Jei ie\u0161kote prakti\u0161ko ir funkcionalaus baldo savo prie\u0161kambariui, m\u016bs\u0173 bat\u0173 spintel\u0117 su s\u0117dyne yra puikus sprendimas. QG-03 spintel\u0117 ne tik talpina j\u016bs\u0173 batus, bet ir sukuria patogi\u0105 s\u0117d\u0117jimo viet\u0105 juos apsiaunant ar nusiaunant. M\u016bs\u0173 bat\u0173 spintel\u0117 su s\u0117dyne yra [\u2026]<\/p>","protected":false},"featured_media":145317,"comment_status":"open","ping_status":"open","template":"","meta":[],"product_brand":[],"product_cat":[9252],"product_tag":[],"class_list":{"0":"post-145316","1":"product","2":"type-product","3":"status-publish","4":"has-post-thumbnail","6":"product_cat-furniture-system-quant-lenart","8":"first","9":"instock","10":"product-type-simple"},"_links":{"self":[{"href":"https:\/\/baldumarket.lt\/lt\/wp-json\/wp\/v2\/product\/145316","targetHints":{"allow":["GET"]}}],"collection":[{"href":"https:\/\/baldumarket.lt\/lt\/wp-json\/wp\/v2\/product"}],"about":[{"href":"https:\/\/baldumarket.lt\/lt\/wp-json\/wp\/v2\/types\/product"}],"replies":[{"embeddable":true,"href":"https:\/\/baldumarket.lt\/lt\/wp-json\/wp\/v2\/comments?post=145316"}],"wp:featuredmedia":[{"embeddable":true,"href":"https:\/\/baldumarket.lt\/lt\/wp-json\/wp\/v2\/media\/145317"}],"wp:attachment":[{"href":"https:\/\/baldumarket.lt\/lt\/wp-json\/wp\/v2\/media?parent=145316"}],"wp:term":[{"taxonomy":"product_brand","embeddable":true,"href":"https:\/\/baldumarket.lt\/lt\/wp-json\/wp\/v2\/product_brand?post=145316"},{"taxonomy":"product_cat","embeddable":true,"href":"https:\/\/baldumarket.lt\/lt\/wp-json\/wp\/v2\/product_cat?post=145316"},{"taxonomy":"product_tag","embeddable":true,"href":"https:\/\/baldumarket.lt\/lt\/wp-json\/wp\/v2\/product_tag?post=145316"}],"curies":[{"name":"wp","href":"https:\/\/api.w.org\/{rel}","templated":true}]}}