{"id":145120,"date":"2025-12-14T19:31:52","date_gmt":"2025-12-14T16:31:52","guid":{"rendered":"https:\/\/baldumarket.lt\/product\/zoya-system-1-bialy-lux-dab-biszkoptowy\/"},"modified":"2026-02-11T01:28:09","modified_gmt":"2026-02-10T22:28:09","slug":"zoya-system-1-bialy-lux-dab-biszkoptowy","status":"publish","type":"product","link":"https:\/\/baldumarket.lt\/lt\/product\/zoya-system-1-bialy-lux-dab-biszkoptowy\/","title":{"rendered":"ZOYA sistema 1 balta prabanga + sausainio \u0105\u017euolas"},"content":{"rendered":"<p>Drabu\u017ein\u0117<\/p>","protected":false},"excerpt":{"rendered":"<p>Drabu\u017ein\u0117<\/p>","protected":false},"featured_media":145121,"comment_status":"open","ping_status":"open","template":"","meta":[],"product_brand":[],"product_cat":[3678,1177],"product_tag":[],"class_list":{"0":"post-145120","1":"product","2":"type-product","3":"status-publish","4":"has-post-thumbnail","6":"product_cat-meblar","7":"product_cat-wardrobes","9":"first","10":"instock","11":"product-type-simple"},"_links":{"self":[{"href":"https:\/\/baldumarket.lt\/lt\/wp-json\/wp\/v2\/product\/145120","targetHints":{"allow":["GET"]}}],"collection":[{"href":"https:\/\/baldumarket.lt\/lt\/wp-json\/wp\/v2\/product"}],"about":[{"href":"https:\/\/baldumarket.lt\/lt\/wp-json\/wp\/v2\/types\/product"}],"replies":[{"embeddable":true,"href":"https:\/\/baldumarket.lt\/lt\/wp-json\/wp\/v2\/comments?post=145120"}],"wp:featuredmedia":[{"embeddable":true,"href":"https:\/\/baldumarket.lt\/lt\/wp-json\/wp\/v2\/media\/145121"}],"wp:attachment":[{"href":"https:\/\/baldumarket.lt\/lt\/wp-json\/wp\/v2\/media?parent=145120"}],"wp:term":[{"taxonomy":"product_brand","embeddable":true,"href":"https:\/\/baldumarket.lt\/lt\/wp-json\/wp\/v2\/product_brand?post=145120"},{"taxonomy":"product_cat","embeddable":true,"href":"https:\/\/baldumarket.lt\/lt\/wp-json\/wp\/v2\/product_cat?post=145120"},{"taxonomy":"product_tag","embeddable":true,"href":"https:\/\/baldumarket.lt\/lt\/wp-json\/wp\/v2\/product_tag?post=145120"}],"curies":[{"name":"wp","href":"https:\/\/api.w.org\/{rel}","templated":true}]}}