{"id":144913,"date":"2025-12-14T19:27:10","date_gmt":"2025-12-14T16:27:10","guid":{"rendered":"https:\/\/baldumarket.lt\/product\/sergio-system-9-bez-piaskowy-v-dab-olejowany-granat-krolewski\/"},"modified":"2026-02-11T01:26:32","modified_gmt":"2026-02-10T22:26:32","slug":"sergio-system-9-bez-piaskowy-v-dab-olejowany-granat-krolewski","status":"publish","type":"product","link":"https:\/\/baldumarket.lt\/lt\/product\/sergio-system-9-bez-piaskowy-v-dab-olejowany-granat-krolewski\/","title":{"rendered":"SERGIO sistema 9 sm\u0117lio spalvos V + alyvuotas \u0105\u017euolas + karali\u0161koji tamsiai m\u0117lyna"},"content":{"rendered":"","protected":false},"excerpt":{"rendered":"","protected":false},"featured_media":144914,"comment_status":"open","ping_status":"open","template":"","meta":[],"product_brand":[],"product_cat":[1312,3678],"product_tag":[],"class_list":{"0":"post-144913","1":"product","2":"type-product","3":"status-publish","4":"has-post-thumbnail","6":"product_cat-desks","7":"product_cat-meblar","9":"first","10":"instock","11":"product-type-simple"},"_links":{"self":[{"href":"https:\/\/baldumarket.lt\/lt\/wp-json\/wp\/v2\/product\/144913","targetHints":{"allow":["GET"]}}],"collection":[{"href":"https:\/\/baldumarket.lt\/lt\/wp-json\/wp\/v2\/product"}],"about":[{"href":"https:\/\/baldumarket.lt\/lt\/wp-json\/wp\/v2\/types\/product"}],"replies":[{"embeddable":true,"href":"https:\/\/baldumarket.lt\/lt\/wp-json\/wp\/v2\/comments?post=144913"}],"wp:featuredmedia":[{"embeddable":true,"href":"https:\/\/baldumarket.lt\/lt\/wp-json\/wp\/v2\/media\/144914"}],"wp:attachment":[{"href":"https:\/\/baldumarket.lt\/lt\/wp-json\/wp\/v2\/media?parent=144913"}],"wp:term":[{"taxonomy":"product_brand","embeddable":true,"href":"https:\/\/baldumarket.lt\/lt\/wp-json\/wp\/v2\/product_brand?post=144913"},{"taxonomy":"product_cat","embeddable":true,"href":"https:\/\/baldumarket.lt\/lt\/wp-json\/wp\/v2\/product_cat?post=144913"},{"taxonomy":"product_tag","embeddable":true,"href":"https:\/\/baldumarket.lt\/lt\/wp-json\/wp\/v2\/product_tag?post=144913"}],"curies":[{"name":"wp","href":"https:\/\/api.w.org\/{rel}","templated":true}]}}