{"id":144879,"date":"2025-12-14T19:26:28","date_gmt":"2025-12-14T16:26:28","guid":{"rendered":"https:\/\/baldumarket.lt\/product\/sergio-system-12-eukaliptus-dab-baltic-dune-czarny-onyx\/"},"modified":"2026-02-11T01:26:17","modified_gmt":"2026-02-10T22:26:17","slug":"sergio-system-12-eukaliptus-dab-baltic-dune-czarny-onyx","status":"publish","type":"product","link":"https:\/\/baldumarket.lt\/lt\/product\/sergio-system-12-eukaliptus-dab-baltic-dune-czarny-onyx\/","title":{"rendered":"SERGIO sistema 12 eukaliptas + balti\u0161kasis kop\u0173 \u0105\u017euolas + juodasis oniksas"},"content":{"rendered":"<p>Miegamoji erdv\u0117 90\u00d7200<\/p>","protected":false},"excerpt":{"rendered":"<p>Miegamoji erdv\u0117 90\u00d7200<\/p>","protected":false},"featured_media":144880,"comment_status":"open","ping_status":"open","template":"","meta":[],"product_brand":[],"product_cat":[505,3678],"product_tag":[],"class_list":{"0":"post-144879","1":"product","2":"type-product","3":"status-publish","4":"has-post-thumbnail","6":"product_cat-bedroom-beds","7":"product_cat-meblar","9":"first","10":"instock","11":"product-type-simple"},"_links":{"self":[{"href":"https:\/\/baldumarket.lt\/lt\/wp-json\/wp\/v2\/product\/144879","targetHints":{"allow":["GET"]}}],"collection":[{"href":"https:\/\/baldumarket.lt\/lt\/wp-json\/wp\/v2\/product"}],"about":[{"href":"https:\/\/baldumarket.lt\/lt\/wp-json\/wp\/v2\/types\/product"}],"replies":[{"embeddable":true,"href":"https:\/\/baldumarket.lt\/lt\/wp-json\/wp\/v2\/comments?post=144879"}],"wp:featuredmedia":[{"embeddable":true,"href":"https:\/\/baldumarket.lt\/lt\/wp-json\/wp\/v2\/media\/144880"}],"wp:attachment":[{"href":"https:\/\/baldumarket.lt\/lt\/wp-json\/wp\/v2\/media?parent=144879"}],"wp:term":[{"taxonomy":"product_brand","embeddable":true,"href":"https:\/\/baldumarket.lt\/lt\/wp-json\/wp\/v2\/product_brand?post=144879"},{"taxonomy":"product_cat","embeddable":true,"href":"https:\/\/baldumarket.lt\/lt\/wp-json\/wp\/v2\/product_cat?post=144879"},{"taxonomy":"product_tag","embeddable":true,"href":"https:\/\/baldumarket.lt\/lt\/wp-json\/wp\/v2\/product_tag?post=144879"}],"curies":[{"name":"wp","href":"https:\/\/api.w.org\/{rel}","templated":true}]}}