{"id":144856,"date":"2025-12-14T19:26:00","date_gmt":"2025-12-14T16:26:00","guid":{"rendered":"https:\/\/baldumarket.lt\/product\/remo-system-16-dab-wilton-bialy-bialy-lux-antracyt\/"},"modified":"2026-02-11T01:26:03","modified_gmt":"2026-02-10T22:26:03","slug":"remo-system-16-dab-wilton-bialy-bialy-lux-antracyt","status":"publish","type":"product","link":"https:\/\/baldumarket.lt\/lt\/product\/remo-system-16-dab-wilton-bialy-bialy-lux-antracyt\/","title":{"rendered":"REMO sistema 16 Wilton \u0105\u017euolas baltas + baltas prabangus + antracitas"},"content":{"rendered":"<p>Miegamoji erdv\u0117 120\u00d7200<\/p>","protected":false},"excerpt":{"rendered":"<p>Miegamoji erdv\u0117 120\u00d7200<\/p>","protected":false},"featured_media":0,"comment_status":"open","ping_status":"open","template":"","meta":[],"product_brand":[],"product_cat":[1237,3678],"product_tag":[],"class_list":{"0":"post-144856","1":"product","2":"type-product","3":"status-publish","5":"product_cat-dressing-tables","6":"product_cat-meblar","8":"first","9":"instock","10":"product-type-simple"},"_links":{"self":[{"href":"https:\/\/baldumarket.lt\/lt\/wp-json\/wp\/v2\/product\/144856","targetHints":{"allow":["GET"]}}],"collection":[{"href":"https:\/\/baldumarket.lt\/lt\/wp-json\/wp\/v2\/product"}],"about":[{"href":"https:\/\/baldumarket.lt\/lt\/wp-json\/wp\/v2\/types\/product"}],"replies":[{"embeddable":true,"href":"https:\/\/baldumarket.lt\/lt\/wp-json\/wp\/v2\/comments?post=144856"}],"wp:attachment":[{"href":"https:\/\/baldumarket.lt\/lt\/wp-json\/wp\/v2\/media?parent=144856"}],"wp:term":[{"taxonomy":"product_brand","embeddable":true,"href":"https:\/\/baldumarket.lt\/lt\/wp-json\/wp\/v2\/product_brand?post=144856"},{"taxonomy":"product_cat","embeddable":true,"href":"https:\/\/baldumarket.lt\/lt\/wp-json\/wp\/v2\/product_cat?post=144856"},{"taxonomy":"product_tag","embeddable":true,"href":"https:\/\/baldumarket.lt\/lt\/wp-json\/wp\/v2\/product_tag?post=144856"}],"curies":[{"name":"wp","href":"https:\/\/api.w.org\/{rel}","templated":true}]}}