{"id":144785,"date":"2025-12-14T19:24:33","date_gmt":"2025-12-14T16:24:33","guid":{"rendered":"https:\/\/baldumarket.lt\/product\/planet-system-10-bialy-lux-dab-morski\/"},"modified":"2026-02-11T01:25:19","modified_gmt":"2026-02-10T22:25:19","slug":"planet-system-10-bialy-lux-dab-morski","status":"publish","type":"product","link":"https:\/\/baldumarket.lt\/lt\/product\/planet-system-10-bialy-lux-dab-morski\/","title":{"rendered":"PLANET System 10 balta prabanga + \u0105\u017euolas + j\u016bros spalva"},"content":{"rendered":"","protected":false},"excerpt":{"rendered":"","protected":false},"featured_media":144786,"comment_status":"open","ping_status":"open","template":"","meta":[],"product_brand":[],"product_cat":[3678,1175],"product_tag":[],"class_list":{"0":"post-144785","1":"product","2":"type-product","3":"status-publish","4":"has-post-thumbnail","6":"product_cat-meblar","7":"product_cat-tv-stands","9":"first","10":"instock","11":"product-type-simple"},"_links":{"self":[{"href":"https:\/\/baldumarket.lt\/lt\/wp-json\/wp\/v2\/product\/144785","targetHints":{"allow":["GET"]}}],"collection":[{"href":"https:\/\/baldumarket.lt\/lt\/wp-json\/wp\/v2\/product"}],"about":[{"href":"https:\/\/baldumarket.lt\/lt\/wp-json\/wp\/v2\/types\/product"}],"replies":[{"embeddable":true,"href":"https:\/\/baldumarket.lt\/lt\/wp-json\/wp\/v2\/comments?post=144785"}],"wp:featuredmedia":[{"embeddable":true,"href":"https:\/\/baldumarket.lt\/lt\/wp-json\/wp\/v2\/media\/144786"}],"wp:attachment":[{"href":"https:\/\/baldumarket.lt\/lt\/wp-json\/wp\/v2\/media?parent=144785"}],"wp:term":[{"taxonomy":"product_brand","embeddable":true,"href":"https:\/\/baldumarket.lt\/lt\/wp-json\/wp\/v2\/product_brand?post=144785"},{"taxonomy":"product_cat","embeddable":true,"href":"https:\/\/baldumarket.lt\/lt\/wp-json\/wp\/v2\/product_cat?post=144785"},{"taxonomy":"product_tag","embeddable":true,"href":"https:\/\/baldumarket.lt\/lt\/wp-json\/wp\/v2\/product_tag?post=144785"}],"curies":[{"name":"wp","href":"https:\/\/api.w.org\/{rel}","templated":true}]}}