{"id":144783,"date":"2025-12-14T19:24:31","date_gmt":"2025-12-14T16:24:31","guid":{"rendered":"https:\/\/baldumarket.lt\/product\/planet-system-1-czarny-dab-bez\/"},"modified":"2026-02-11T01:25:19","modified_gmt":"2026-02-10T22:25:19","slug":"planet-system-1-czarny-dab-bez","status":"publish","type":"product","link":"https:\/\/baldumarket.lt\/lt\/product\/planet-system-1-czarny-dab-bez\/","title":{"rendered":"PLANET sistema 1 juoda + \u0105\u017euolas + sm\u0117lio spalvos"},"content":{"rendered":"<p>TAO1 ap\u0161vietimo parinktis<\/p>","protected":false},"excerpt":{"rendered":"<p>TAO1 ap\u0161vietimo parinktis<\/p>","protected":false},"featured_media":144784,"comment_status":"open","ping_status":"open","template":"","meta":[],"product_brand":[],"product_cat":[3678,1177],"product_tag":[],"class_list":{"0":"post-144783","1":"product","2":"type-product","3":"status-publish","4":"has-post-thumbnail","6":"product_cat-meblar","7":"product_cat-wardrobes","9":"first","10":"instock","11":"product-type-simple"},"_links":{"self":[{"href":"https:\/\/baldumarket.lt\/lt\/wp-json\/wp\/v2\/product\/144783","targetHints":{"allow":["GET"]}}],"collection":[{"href":"https:\/\/baldumarket.lt\/lt\/wp-json\/wp\/v2\/product"}],"about":[{"href":"https:\/\/baldumarket.lt\/lt\/wp-json\/wp\/v2\/types\/product"}],"replies":[{"embeddable":true,"href":"https:\/\/baldumarket.lt\/lt\/wp-json\/wp\/v2\/comments?post=144783"}],"wp:featuredmedia":[{"embeddable":true,"href":"https:\/\/baldumarket.lt\/lt\/wp-json\/wp\/v2\/media\/144784"}],"wp:attachment":[{"href":"https:\/\/baldumarket.lt\/lt\/wp-json\/wp\/v2\/media?parent=144783"}],"wp:term":[{"taxonomy":"product_brand","embeddable":true,"href":"https:\/\/baldumarket.lt\/lt\/wp-json\/wp\/v2\/product_brand?post=144783"},{"taxonomy":"product_cat","embeddable":true,"href":"https:\/\/baldumarket.lt\/lt\/wp-json\/wp\/v2\/product_cat?post=144783"},{"taxonomy":"product_tag","embeddable":true,"href":"https:\/\/baldumarket.lt\/lt\/wp-json\/wp\/v2\/product_tag?post=144783"}],"curies":[{"name":"wp","href":"https:\/\/api.w.org\/{rel}","templated":true}]}}