{"id":144589,"date":"2025-12-14T19:20:04","date_gmt":"2025-12-14T16:20:04","guid":{"rendered":"https:\/\/baldumarket.lt\/product\/malta-system-2-bez-piaskowy-vv-dab-olejowany\/"},"modified":"2026-02-11T01:23:52","modified_gmt":"2026-02-10T22:23:52","slug":"malta-system-2-bez-piaskowy-vv-dab-olejowany","status":"publish","type":"product","link":"https:\/\/baldumarket.lt\/lt\/product\/malta-system-2-bez-piaskowy-vv-dab-olejowany\/","title":{"rendered":"MALTA System 2 sm\u0117lio spalvos VV + alyvuotas \u0105\u017euolas"},"content":{"rendered":"","protected":false},"excerpt":{"rendered":"","protected":false},"featured_media":144590,"comment_status":"open","ping_status":"open","template":"","meta":[],"product_brand":[],"product_cat":[3678,1177],"product_tag":[],"class_list":{"0":"post-144589","1":"product","2":"type-product","3":"status-publish","4":"has-post-thumbnail","6":"product_cat-meblar","7":"product_cat-wardrobes","9":"first","10":"instock","11":"product-type-simple"},"_links":{"self":[{"href":"https:\/\/baldumarket.lt\/lt\/wp-json\/wp\/v2\/product\/144589","targetHints":{"allow":["GET"]}}],"collection":[{"href":"https:\/\/baldumarket.lt\/lt\/wp-json\/wp\/v2\/product"}],"about":[{"href":"https:\/\/baldumarket.lt\/lt\/wp-json\/wp\/v2\/types\/product"}],"replies":[{"embeddable":true,"href":"https:\/\/baldumarket.lt\/lt\/wp-json\/wp\/v2\/comments?post=144589"}],"wp:featuredmedia":[{"embeddable":true,"href":"https:\/\/baldumarket.lt\/lt\/wp-json\/wp\/v2\/media\/144590"}],"wp:attachment":[{"href":"https:\/\/baldumarket.lt\/lt\/wp-json\/wp\/v2\/media?parent=144589"}],"wp:term":[{"taxonomy":"product_brand","embeddable":true,"href":"https:\/\/baldumarket.lt\/lt\/wp-json\/wp\/v2\/product_brand?post=144589"},{"taxonomy":"product_cat","embeddable":true,"href":"https:\/\/baldumarket.lt\/lt\/wp-json\/wp\/v2\/product_cat?post=144589"},{"taxonomy":"product_tag","embeddable":true,"href":"https:\/\/baldumarket.lt\/lt\/wp-json\/wp\/v2\/product_tag?post=144589"}],"curies":[{"name":"wp","href":"https:\/\/api.w.org\/{rel}","templated":true}]}}