{"id":144543,"date":"2025-12-14T19:19:05","date_gmt":"2025-12-14T16:19:05","guid":{"rendered":"https:\/\/baldumarket.lt\/product\/luca-system-14-bez-piaskowy-v-dab-olejowany\/"},"modified":"2026-02-11T01:23:30","modified_gmt":"2026-02-10T22:23:30","slug":"luca-system-14-bez-piaskowy-v-dab-olejowany","status":"publish","type":"product","link":"https:\/\/baldumarket.lt\/lt\/product\/luca-system-14-bez-piaskowy-v-dab-olejowany\/","title":{"rendered":"LUCA sistema 14 sm\u0117lio spalvos V + alyvuotas \u0105\u017euolas"},"content":{"rendered":"<p>Miegamoji dalis 120\u00d7200 su metaliniu r\u0117mu ir daiktad\u0117\u017ee<\/p>","protected":false},"excerpt":{"rendered":"<p>Miegamoji dalis 120\u00d7200 su metaliniu r\u0117mu ir daiktad\u0117\u017ee<\/p>","protected":false},"featured_media":144544,"comment_status":"open","ping_status":"open","template":"","meta":[],"product_brand":[],"product_cat":[505,3678],"product_tag":[],"class_list":{"0":"post-144543","1":"product","2":"type-product","3":"status-publish","4":"has-post-thumbnail","6":"product_cat-bedroom-beds","7":"product_cat-meblar","9":"first","10":"instock","11":"product-type-simple"},"_links":{"self":[{"href":"https:\/\/baldumarket.lt\/lt\/wp-json\/wp\/v2\/product\/144543","targetHints":{"allow":["GET"]}}],"collection":[{"href":"https:\/\/baldumarket.lt\/lt\/wp-json\/wp\/v2\/product"}],"about":[{"href":"https:\/\/baldumarket.lt\/lt\/wp-json\/wp\/v2\/types\/product"}],"replies":[{"embeddable":true,"href":"https:\/\/baldumarket.lt\/lt\/wp-json\/wp\/v2\/comments?post=144543"}],"wp:featuredmedia":[{"embeddable":true,"href":"https:\/\/baldumarket.lt\/lt\/wp-json\/wp\/v2\/media\/144544"}],"wp:attachment":[{"href":"https:\/\/baldumarket.lt\/lt\/wp-json\/wp\/v2\/media?parent=144543"}],"wp:term":[{"taxonomy":"product_brand","embeddable":true,"href":"https:\/\/baldumarket.lt\/lt\/wp-json\/wp\/v2\/product_brand?post=144543"},{"taxonomy":"product_cat","embeddable":true,"href":"https:\/\/baldumarket.lt\/lt\/wp-json\/wp\/v2\/product_cat?post=144543"},{"taxonomy":"product_tag","embeddable":true,"href":"https:\/\/baldumarket.lt\/lt\/wp-json\/wp\/v2\/product_tag?post=144543"}],"curies":[{"name":"wp","href":"https:\/\/api.w.org\/{rel}","templated":true}]}}