{"id":144517,"date":"2025-12-14T19:18:32","date_gmt":"2025-12-14T16:18:32","guid":{"rendered":"https:\/\/baldumarket.lt\/product\/lozko-smart-6-160-dab-sonoma-bialy-lux\/"},"modified":"2026-02-11T01:23:16","modified_gmt":"2026-02-10T22:23:16","slug":"lozko-smart-6-160-dab-sonoma-bialy-lux","status":"publish","type":"product","link":"https:\/\/baldumarket.lt\/lt\/product\/lozko-smart-6-160-dab-sonoma-bialy-lux\/","title":{"rendered":"SMART 6 160 lova, Sonoma \u0105\u017euolas + balta prabangi"},"content":{"rendered":"<p>Miegamoji erdv\u0117 160\u00d7200<\/p>","protected":false},"excerpt":{"rendered":"<p>Miegamoji erdv\u0117 160\u00d7200<\/p>","protected":false},"featured_media":144512,"comment_status":"open","ping_status":"open","template":"","meta":[],"product_brand":[],"product_cat":[505,3678],"product_tag":[],"class_list":{"0":"post-144517","1":"product","2":"type-product","3":"status-publish","4":"has-post-thumbnail","6":"product_cat-bedroom-beds","7":"product_cat-meblar","9":"first","10":"instock","11":"product-type-simple"},"_links":{"self":[{"href":"https:\/\/baldumarket.lt\/lt\/wp-json\/wp\/v2\/product\/144517","targetHints":{"allow":["GET"]}}],"collection":[{"href":"https:\/\/baldumarket.lt\/lt\/wp-json\/wp\/v2\/product"}],"about":[{"href":"https:\/\/baldumarket.lt\/lt\/wp-json\/wp\/v2\/types\/product"}],"replies":[{"embeddable":true,"href":"https:\/\/baldumarket.lt\/lt\/wp-json\/wp\/v2\/comments?post=144517"}],"wp:featuredmedia":[{"embeddable":true,"href":"https:\/\/baldumarket.lt\/lt\/wp-json\/wp\/v2\/media\/144512"}],"wp:attachment":[{"href":"https:\/\/baldumarket.lt\/lt\/wp-json\/wp\/v2\/media?parent=144517"}],"wp:term":[{"taxonomy":"product_brand","embeddable":true,"href":"https:\/\/baldumarket.lt\/lt\/wp-json\/wp\/v2\/product_brand?post=144517"},{"taxonomy":"product_cat","embeddable":true,"href":"https:\/\/baldumarket.lt\/lt\/wp-json\/wp\/v2\/product_cat?post=144517"},{"taxonomy":"product_tag","embeddable":true,"href":"https:\/\/baldumarket.lt\/lt\/wp-json\/wp\/v2\/product_tag?post=144517"}],"curies":[{"name":"wp","href":"https:\/\/api.w.org\/{rel}","templated":true}]}}