{"id":144488,"date":"2025-12-14T19:17:55","date_gmt":"2025-12-14T16:17:55","guid":{"rendered":"https:\/\/baldumarket.lt\/product\/komoda-duza-smart-1-kaszmir\/"},"modified":"2026-02-11T01:23:01","modified_gmt":"2026-02-10T22:23:01","slug":"komoda-duza-smart-1-kaszmir","status":"publish","type":"product","link":"https:\/\/baldumarket.lt\/lt\/product\/komoda-duza-smart-1-kaszmir\/","title":{"rendered":"SMART didel\u0117 komoda i\u0161 ka\u0161myro"},"content":{"rendered":"","protected":false},"excerpt":{"rendered":"","protected":false},"featured_media":144489,"comment_status":"open","ping_status":"open","template":"","meta":[],"product_brand":[],"product_cat":[1173,3678],"product_tag":[],"class_list":{"0":"post-144488","1":"product","2":"type-product","3":"status-publish","4":"has-post-thumbnail","6":"product_cat-chests-of-drawers","7":"product_cat-meblar","9":"first","10":"instock","11":"product-type-simple"},"_links":{"self":[{"href":"https:\/\/baldumarket.lt\/lt\/wp-json\/wp\/v2\/product\/144488","targetHints":{"allow":["GET"]}}],"collection":[{"href":"https:\/\/baldumarket.lt\/lt\/wp-json\/wp\/v2\/product"}],"about":[{"href":"https:\/\/baldumarket.lt\/lt\/wp-json\/wp\/v2\/types\/product"}],"replies":[{"embeddable":true,"href":"https:\/\/baldumarket.lt\/lt\/wp-json\/wp\/v2\/comments?post=144488"}],"wp:featuredmedia":[{"embeddable":true,"href":"https:\/\/baldumarket.lt\/lt\/wp-json\/wp\/v2\/media\/144489"}],"wp:attachment":[{"href":"https:\/\/baldumarket.lt\/lt\/wp-json\/wp\/v2\/media?parent=144488"}],"wp:term":[{"taxonomy":"product_brand","embeddable":true,"href":"https:\/\/baldumarket.lt\/lt\/wp-json\/wp\/v2\/product_brand?post=144488"},{"taxonomy":"product_cat","embeddable":true,"href":"https:\/\/baldumarket.lt\/lt\/wp-json\/wp\/v2\/product_cat?post=144488"},{"taxonomy":"product_tag","embeddable":true,"href":"https:\/\/baldumarket.lt\/lt\/wp-json\/wp\/v2\/product_tag?post=144488"}],"curies":[{"name":"wp","href":"https:\/\/api.w.org\/{rel}","templated":true}]}}