{"id":144462,"date":"2025-12-14T19:17:25","date_gmt":"2025-12-14T16:17:25","guid":{"rendered":"https:\/\/baldumarket.lt\/product\/grande-system-14-bez-piaskowy-vv-bez-piaskowy-wp\/"},"modified":"2026-02-11T01:22:54","modified_gmt":"2026-02-10T22:22:54","slug":"grande-system-14-bez-piaskowy-vv-bez-piaskowy-wp","status":"publish","type":"product","link":"https:\/\/baldumarket.lt\/lt\/product\/grande-system-14-bez-piaskowy-vv-bez-piaskowy-wp\/","title":{"rendered":"GRANDE sistema 14 sm\u0117lio spalvos VV + sm\u0117lio spalvos WP"},"content":{"rendered":"<p>Miegamoji erdv\u0117 160\u00d7200<\/p>","protected":false},"excerpt":{"rendered":"<p>Miegamoji erdv\u0117 160\u00d7200<\/p>","protected":false},"featured_media":144463,"comment_status":"open","ping_status":"open","template":"","meta":[],"product_brand":[],"product_cat":[505,3678],"product_tag":[],"class_list":{"0":"post-144462","1":"product","2":"type-product","3":"status-publish","4":"has-post-thumbnail","6":"product_cat-bedroom-beds","7":"product_cat-meblar","9":"first","10":"instock","11":"product-type-simple"},"_links":{"self":[{"href":"https:\/\/baldumarket.lt\/lt\/wp-json\/wp\/v2\/product\/144462","targetHints":{"allow":["GET"]}}],"collection":[{"href":"https:\/\/baldumarket.lt\/lt\/wp-json\/wp\/v2\/product"}],"about":[{"href":"https:\/\/baldumarket.lt\/lt\/wp-json\/wp\/v2\/types\/product"}],"replies":[{"embeddable":true,"href":"https:\/\/baldumarket.lt\/lt\/wp-json\/wp\/v2\/comments?post=144462"}],"wp:featuredmedia":[{"embeddable":true,"href":"https:\/\/baldumarket.lt\/lt\/wp-json\/wp\/v2\/media\/144463"}],"wp:attachment":[{"href":"https:\/\/baldumarket.lt\/lt\/wp-json\/wp\/v2\/media?parent=144462"}],"wp:term":[{"taxonomy":"product_brand","embeddable":true,"href":"https:\/\/baldumarket.lt\/lt\/wp-json\/wp\/v2\/product_brand?post=144462"},{"taxonomy":"product_cat","embeddable":true,"href":"https:\/\/baldumarket.lt\/lt\/wp-json\/wp\/v2\/product_cat?post=144462"},{"taxonomy":"product_tag","embeddable":true,"href":"https:\/\/baldumarket.lt\/lt\/wp-json\/wp\/v2\/product_tag?post=144462"}],"curies":[{"name":"wp","href":"https:\/\/api.w.org\/{rel}","templated":true}]}}