{"id":144442,"date":"2025-12-14T19:16:59","date_gmt":"2025-12-14T16:16:59","guid":{"rendered":"https:\/\/baldumarket.lt\/product\/faro-system-5-bialy-lux-dab-artisan-szary\/"},"modified":"2026-02-11T01:22:39","modified_gmt":"2026-02-10T22:22:39","slug":"faro-system-5-bialy-lux-dab-artisan-szary","status":"publish","type":"product","link":"https:\/\/baldumarket.lt\/lt\/product\/faro-system-5-bialy-lux-dab-artisan-szary\/","title":{"rendered":"FARO sistema 5 balta prabanga + meni\u0161kas \u0105\u017euolas + pilka"},"content":{"rendered":"","protected":false},"excerpt":{"rendered":"","protected":false},"featured_media":144443,"comment_status":"open","ping_status":"open","template":"","meta":[],"product_brand":[],"product_cat":[3678,1177],"product_tag":[],"class_list":{"0":"post-144442","1":"product","2":"type-product","3":"status-publish","4":"has-post-thumbnail","6":"product_cat-meblar","7":"product_cat-wardrobes","9":"first","10":"instock","11":"product-type-simple"},"_links":{"self":[{"href":"https:\/\/baldumarket.lt\/lt\/wp-json\/wp\/v2\/product\/144442","targetHints":{"allow":["GET"]}}],"collection":[{"href":"https:\/\/baldumarket.lt\/lt\/wp-json\/wp\/v2\/product"}],"about":[{"href":"https:\/\/baldumarket.lt\/lt\/wp-json\/wp\/v2\/types\/product"}],"replies":[{"embeddable":true,"href":"https:\/\/baldumarket.lt\/lt\/wp-json\/wp\/v2\/comments?post=144442"}],"wp:featuredmedia":[{"embeddable":true,"href":"https:\/\/baldumarket.lt\/lt\/wp-json\/wp\/v2\/media\/144443"}],"wp:attachment":[{"href":"https:\/\/baldumarket.lt\/lt\/wp-json\/wp\/v2\/media?parent=144442"}],"wp:term":[{"taxonomy":"product_brand","embeddable":true,"href":"https:\/\/baldumarket.lt\/lt\/wp-json\/wp\/v2\/product_brand?post=144442"},{"taxonomy":"product_cat","embeddable":true,"href":"https:\/\/baldumarket.lt\/lt\/wp-json\/wp\/v2\/product_cat?post=144442"},{"taxonomy":"product_tag","embeddable":true,"href":"https:\/\/baldumarket.lt\/lt\/wp-json\/wp\/v2\/product_tag?post=144442"}],"curies":[{"name":"wp","href":"https:\/\/api.w.org\/{rel}","templated":true}]}}