{"id":144428,"date":"2025-12-14T19:16:41","date_gmt":"2025-12-14T16:16:41","guid":{"rendered":"https:\/\/baldumarket.lt\/product\/faro-system-12-bialy-lux-dab-artisan-szary\/"},"modified":"2026-02-11T01:22:32","modified_gmt":"2026-02-10T22:22:32","slug":"faro-system-12-bialy-lux-dab-artisan-szary","status":"publish","type":"product","link":"https:\/\/baldumarket.lt\/lt\/product\/faro-system-12-bialy-lux-dab-artisan-szary\/","title":{"rendered":"FARO sistema 12 balta prabanga + meni\u0161kas \u0105\u017euolas + pilka"},"content":{"rendered":"","protected":false},"excerpt":{"rendered":"","protected":false},"featured_media":144429,"comment_status":"open","ping_status":"open","template":"","meta":[],"product_brand":[],"product_cat":[1174,3678],"product_tag":[],"class_list":{"0":"post-144428","1":"product","2":"type-product","3":"status-publish","4":"has-post-thumbnail","6":"product_cat-hanging-shelves","7":"product_cat-meblar","9":"first","10":"instock","11":"product-type-simple"},"_links":{"self":[{"href":"https:\/\/baldumarket.lt\/lt\/wp-json\/wp\/v2\/product\/144428","targetHints":{"allow":["GET"]}}],"collection":[{"href":"https:\/\/baldumarket.lt\/lt\/wp-json\/wp\/v2\/product"}],"about":[{"href":"https:\/\/baldumarket.lt\/lt\/wp-json\/wp\/v2\/types\/product"}],"replies":[{"embeddable":true,"href":"https:\/\/baldumarket.lt\/lt\/wp-json\/wp\/v2\/comments?post=144428"}],"wp:featuredmedia":[{"embeddable":true,"href":"https:\/\/baldumarket.lt\/lt\/wp-json\/wp\/v2\/media\/144429"}],"wp:attachment":[{"href":"https:\/\/baldumarket.lt\/lt\/wp-json\/wp\/v2\/media?parent=144428"}],"wp:term":[{"taxonomy":"product_brand","embeddable":true,"href":"https:\/\/baldumarket.lt\/lt\/wp-json\/wp\/v2\/product_brand?post=144428"},{"taxonomy":"product_cat","embeddable":true,"href":"https:\/\/baldumarket.lt\/lt\/wp-json\/wp\/v2\/product_cat?post=144428"},{"taxonomy":"product_tag","embeddable":true,"href":"https:\/\/baldumarket.lt\/lt\/wp-json\/wp\/v2\/product_tag?post=144428"}],"curies":[{"name":"wp","href":"https:\/\/api.w.org\/{rel}","templated":true}]}}