{"id":144392,"date":"2025-12-14T19:15:50","date_gmt":"2025-12-14T16:15:50","guid":{"rendered":"https:\/\/baldumarket.lt\/product\/delta-system-1-dab-antracyt\/"},"modified":"2026-02-11T01:22:19","modified_gmt":"2026-02-10T22:22:19","slug":"delta-system-1-dab-antracyt","status":"publish","type":"product","link":"https:\/\/baldumarket.lt\/lt\/product\/delta-system-1-dab-antracyt\/","title":{"rendered":"DELTA sistema 1 \u0105\u017euolas + antracitas"},"content":{"rendered":"<p>TAO1 ap\u0161vietimo parinktis<\/p>","protected":false},"excerpt":{"rendered":"<p>TAO1 ap\u0161vietimo parinktis<\/p>","protected":false},"featured_media":144393,"comment_status":"open","ping_status":"open","template":"","meta":[],"product_brand":[],"product_cat":[3678,1177],"product_tag":[],"class_list":{"0":"post-144392","1":"product","2":"type-product","3":"status-publish","4":"has-post-thumbnail","6":"product_cat-meblar","7":"product_cat-wardrobes","9":"first","10":"instock","11":"product-type-simple"},"_links":{"self":[{"href":"https:\/\/baldumarket.lt\/lt\/wp-json\/wp\/v2\/product\/144392","targetHints":{"allow":["GET"]}}],"collection":[{"href":"https:\/\/baldumarket.lt\/lt\/wp-json\/wp\/v2\/product"}],"about":[{"href":"https:\/\/baldumarket.lt\/lt\/wp-json\/wp\/v2\/types\/product"}],"replies":[{"embeddable":true,"href":"https:\/\/baldumarket.lt\/lt\/wp-json\/wp\/v2\/comments?post=144392"}],"wp:featuredmedia":[{"embeddable":true,"href":"https:\/\/baldumarket.lt\/lt\/wp-json\/wp\/v2\/media\/144393"}],"wp:attachment":[{"href":"https:\/\/baldumarket.lt\/lt\/wp-json\/wp\/v2\/media?parent=144392"}],"wp:term":[{"taxonomy":"product_brand","embeddable":true,"href":"https:\/\/baldumarket.lt\/lt\/wp-json\/wp\/v2\/product_brand?post=144392"},{"taxonomy":"product_cat","embeddable":true,"href":"https:\/\/baldumarket.lt\/lt\/wp-json\/wp\/v2\/product_cat?post=144392"},{"taxonomy":"product_tag","embeddable":true,"href":"https:\/\/baldumarket.lt\/lt\/wp-json\/wp\/v2\/product_tag?post=144392"}],"curies":[{"name":"wp","href":"https:\/\/api.w.org\/{rel}","templated":true}]}}