{"id":144374,"date":"2025-12-14T19:15:27","date_gmt":"2025-12-14T16:15:27","guid":{"rendered":"https:\/\/baldumarket.lt\/product\/como-system-13-bialy-lux-dab-wilton-bialy-szary\/"},"modified":"2026-02-11T01:22:12","modified_gmt":"2026-02-10T22:22:12","slug":"como-system-13-bialy-lux-dab-wilton-bialy-szary","status":"publish","type":"product","link":"https:\/\/baldumarket.lt\/lt\/product\/como-system-13-bialy-lux-dab-wilton-bialy-szary\/","title":{"rendered":"COMO sistema 13 balta prabanga + Wilton \u0105\u017euolas baltas + pilkas"},"content":{"rendered":"<p>Miegamoji erdv\u0117 120\u00d7200<\/p>","protected":false},"excerpt":{"rendered":"<p>Miegamoji erdv\u0117 120\u00d7200<\/p>","protected":false},"featured_media":144375,"comment_status":"open","ping_status":"open","template":"","meta":[],"product_brand":[],"product_cat":[505,3678],"product_tag":[],"class_list":{"0":"post-144374","1":"product","2":"type-product","3":"status-publish","4":"has-post-thumbnail","6":"product_cat-bedroom-beds","7":"product_cat-meblar","9":"first","10":"instock","11":"product-type-simple"},"_links":{"self":[{"href":"https:\/\/baldumarket.lt\/lt\/wp-json\/wp\/v2\/product\/144374","targetHints":{"allow":["GET"]}}],"collection":[{"href":"https:\/\/baldumarket.lt\/lt\/wp-json\/wp\/v2\/product"}],"about":[{"href":"https:\/\/baldumarket.lt\/lt\/wp-json\/wp\/v2\/types\/product"}],"replies":[{"embeddable":true,"href":"https:\/\/baldumarket.lt\/lt\/wp-json\/wp\/v2\/comments?post=144374"}],"wp:featuredmedia":[{"embeddable":true,"href":"https:\/\/baldumarket.lt\/lt\/wp-json\/wp\/v2\/media\/144375"}],"wp:attachment":[{"href":"https:\/\/baldumarket.lt\/lt\/wp-json\/wp\/v2\/media?parent=144374"}],"wp:term":[{"taxonomy":"product_brand","embeddable":true,"href":"https:\/\/baldumarket.lt\/lt\/wp-json\/wp\/v2\/product_brand?post=144374"},{"taxonomy":"product_cat","embeddable":true,"href":"https:\/\/baldumarket.lt\/lt\/wp-json\/wp\/v2\/product_cat?post=144374"},{"taxonomy":"product_tag","embeddable":true,"href":"https:\/\/baldumarket.lt\/lt\/wp-json\/wp\/v2\/product_tag?post=144374"}],"curies":[{"name":"wp","href":"https:\/\/api.w.org\/{rel}","templated":true}]}}