{"id":144300,"date":"2025-12-14T19:13:52","date_gmt":"2025-12-14T16:13:52","guid":{"rendered":"https:\/\/baldumarket.lt\/product\/allmo-system-19-dab-estana-jasny-antracyt\/"},"modified":"2026-02-11T01:21:36","modified_gmt":"2026-02-10T22:21:36","slug":"allmo-system-19-dab-estana-jasny-antracyt","status":"publish","type":"product","link":"https:\/\/baldumarket.lt\/lt\/product\/allmo-system-19-dab-estana-jasny-antracyt\/","title":{"rendered":"ALLMO System 19 Estana \u0105\u017euolas, \u0161viesus + antracitas"},"content":{"rendered":"<p>Miegamoji dalis 160\u00d7200. Konteineris. Metalinis r\u0117mas su dujiniais keltuvais.<\/p>","protected":false},"excerpt":{"rendered":"<p>Miegamoji dalis 160\u00d7200. Konteineris. Metalinis r\u0117mas su dujiniais keltuvais.<\/p>","protected":false},"featured_media":144301,"comment_status":"open","ping_status":"open","template":"","meta":[],"product_brand":[],"product_cat":[505,3678],"product_tag":[],"class_list":{"0":"post-144300","1":"product","2":"type-product","3":"status-publish","4":"has-post-thumbnail","6":"product_cat-bedroom-beds","7":"product_cat-meblar","9":"first","10":"instock","11":"product-type-simple"},"_links":{"self":[{"href":"https:\/\/baldumarket.lt\/lt\/wp-json\/wp\/v2\/product\/144300","targetHints":{"allow":["GET"]}}],"collection":[{"href":"https:\/\/baldumarket.lt\/lt\/wp-json\/wp\/v2\/product"}],"about":[{"href":"https:\/\/baldumarket.lt\/lt\/wp-json\/wp\/v2\/types\/product"}],"replies":[{"embeddable":true,"href":"https:\/\/baldumarket.lt\/lt\/wp-json\/wp\/v2\/comments?post=144300"}],"wp:featuredmedia":[{"embeddable":true,"href":"https:\/\/baldumarket.lt\/lt\/wp-json\/wp\/v2\/media\/144301"}],"wp:attachment":[{"href":"https:\/\/baldumarket.lt\/lt\/wp-json\/wp\/v2\/media?parent=144300"}],"wp:term":[{"taxonomy":"product_brand","embeddable":true,"href":"https:\/\/baldumarket.lt\/lt\/wp-json\/wp\/v2\/product_brand?post=144300"},{"taxonomy":"product_cat","embeddable":true,"href":"https:\/\/baldumarket.lt\/lt\/wp-json\/wp\/v2\/product_cat?post=144300"},{"taxonomy":"product_tag","embeddable":true,"href":"https:\/\/baldumarket.lt\/lt\/wp-json\/wp\/v2\/product_tag?post=144300"}],"curies":[{"name":"wp","href":"https:\/\/api.w.org\/{rel}","templated":true}]}}