{"id":144210,"date":"2025-12-14T19:12:01","date_gmt":"2025-12-14T16:12:01","guid":{"rendered":"https:\/\/baldumarket.lt\/product\/alessio-system-1-eukaliptus-dab-baltic-dune\/"},"modified":"2026-02-11T01:20:58","modified_gmt":"2026-02-10T22:20:58","slug":"alessio-system-1-eukaliptus-dab-baltic-dune","status":"publish","type":"product","link":"https:\/\/baldumarket.lt\/lt\/product\/alessio-system-1-eukaliptus-dab-baltic-dune\/","title":{"rendered":"ALESSIO 1 sistema eukaliptas + balti\u0161kas kop\u0173 \u0105\u017euolas"},"content":{"rendered":"","protected":false},"excerpt":{"rendered":"","protected":false},"featured_media":144211,"comment_status":"open","ping_status":"open","template":"","meta":[],"product_brand":[],"product_cat":[3678,1177],"product_tag":[],"class_list":{"0":"post-144210","1":"product","2":"type-product","3":"status-publish","4":"has-post-thumbnail","6":"product_cat-meblar","7":"product_cat-wardrobes","9":"first","10":"instock","11":"product-type-simple"},"_links":{"self":[{"href":"https:\/\/baldumarket.lt\/lt\/wp-json\/wp\/v2\/product\/144210","targetHints":{"allow":["GET"]}}],"collection":[{"href":"https:\/\/baldumarket.lt\/lt\/wp-json\/wp\/v2\/product"}],"about":[{"href":"https:\/\/baldumarket.lt\/lt\/wp-json\/wp\/v2\/types\/product"}],"replies":[{"embeddable":true,"href":"https:\/\/baldumarket.lt\/lt\/wp-json\/wp\/v2\/comments?post=144210"}],"wp:featuredmedia":[{"embeddable":true,"href":"https:\/\/baldumarket.lt\/lt\/wp-json\/wp\/v2\/media\/144211"}],"wp:attachment":[{"href":"https:\/\/baldumarket.lt\/lt\/wp-json\/wp\/v2\/media?parent=144210"}],"wp:term":[{"taxonomy":"product_brand","embeddable":true,"href":"https:\/\/baldumarket.lt\/lt\/wp-json\/wp\/v2\/product_brand?post=144210"},{"taxonomy":"product_cat","embeddable":true,"href":"https:\/\/baldumarket.lt\/lt\/wp-json\/wp\/v2\/product_cat?post=144210"},{"taxonomy":"product_tag","embeddable":true,"href":"https:\/\/baldumarket.lt\/lt\/wp-json\/wp\/v2\/product_tag?post=144210"}],"curies":[{"name":"wp","href":"https:\/\/api.w.org\/{rel}","templated":true}]}}