{"id":144054,"date":"2025-12-14T02:16:57","date_gmt":"2025-12-13T23:16:57","guid":{"rendered":"https:\/\/baldumarket.lt\/?post_type=product&#038;p=144054"},"modified":"2026-02-03T23:36:05","modified_gmt":"2026-02-03T20:36:05","slug":"zestaw-sara-3n11-massiv-mangri","status":"publish","type":"product","link":"https:\/\/baldumarket.lt\/lt\/product\/zestaw-sara-3n11-massiv-mangri\/","title":{"rendered":"komplektas SARA 3N+1+1 Massiv Mangri"},"content":{"rendered":"<p>D\u0117l savo prabangios formos \u201eSara\u201c komplektas yra vienas patogiausi\u0173 svetain\u0117s bald\u0173, puikiai deran\u010di\u0173 tiek prie modernaus, tiek prie klasikinio stiliaus. Jis ypa\u010d tinka vidutinio dyd\u017eio interjerams. Puikiai tinka poilsiui. Specifikacijos: - \u201eBonnell\u201c spyruokl\u0117s, - didelio elastingumo putplastis.<\/p>","protected":false},"excerpt":{"rendered":"<p>D\u0117l savo prabangios formos \u201eSara\u201c komplektas yra vienas patogiausi\u0173 svetain\u0117s bald\u0173, puikiai deran\u010di\u0173 tiek prie modernaus, tiek prie klasikinio stiliaus. Jis ypa\u010d tinka vidutinio dyd\u017eio interjerams. Puikiai tinka poilsiui. Specifikacijos: - \u201eBonnell\u201c spyruokl\u0117s, - didelio elastingumo putplastis.<\/p>","protected":false},"featured_media":144103,"comment_status":"open","ping_status":"closed","template":"","meta":[],"product_brand":[],"product_cat":[9350,660,3450],"product_tag":[],"class_list":{"0":"post-144054","1":"product","2":"type-product","3":"status-publish","4":"has-post-thumbnail","6":"product_cat-sara-pyka-upholstered-furniture","7":"product_cat-lounge-sets","8":"product_cat-meble-pyka","10":"first","11":"instock","12":"shipping-taxable","13":"purchasable","14":"product-type-variable","15":"wvs-archive-product-wrapper"},"_links":{"self":[{"href":"https:\/\/baldumarket.lt\/lt\/wp-json\/wp\/v2\/product\/144054","targetHints":{"allow":["GET"]}}],"collection":[{"href":"https:\/\/baldumarket.lt\/lt\/wp-json\/wp\/v2\/product"}],"about":[{"href":"https:\/\/baldumarket.lt\/lt\/wp-json\/wp\/v2\/types\/product"}],"replies":[{"embeddable":true,"href":"https:\/\/baldumarket.lt\/lt\/wp-json\/wp\/v2\/comments?post=144054"}],"wp:featuredmedia":[{"embeddable":true,"href":"https:\/\/baldumarket.lt\/lt\/wp-json\/wp\/v2\/media\/144103"}],"wp:attachment":[{"href":"https:\/\/baldumarket.lt\/lt\/wp-json\/wp\/v2\/media?parent=144054"}],"wp:term":[{"taxonomy":"product_brand","embeddable":true,"href":"https:\/\/baldumarket.lt\/lt\/wp-json\/wp\/v2\/product_brand?post=144054"},{"taxonomy":"product_cat","embeddable":true,"href":"https:\/\/baldumarket.lt\/lt\/wp-json\/wp\/v2\/product_cat?post=144054"},{"taxonomy":"product_tag","embeddable":true,"href":"https:\/\/baldumarket.lt\/lt\/wp-json\/wp\/v2\/product_tag?post=144054"}],"curies":[{"name":"wp","href":"https:\/\/api.w.org\/{rel}","templated":true}]}}