{"id":144029,"date":"2025-12-14T02:16:25","date_gmt":"2025-12-13T23:16:25","guid":{"rendered":"https:\/\/baldumarket.lt\/?post_type=product&#038;p=144029"},"modified":"2026-02-03T23:36:05","modified_gmt":"2026-02-03T20:36:05","slug":"zestaw-provance","status":"publish","type":"product","link":"https:\/\/baldumarket.lt\/lt\/product\/zestaw-provance\/","title":{"rendered":"PROVANCE rinkinys"},"content":{"rendered":"<p>Specifikacijos: - Komplekt\u0105 sudaro \u201eProvance\u201c stalas ir \u0161e\u0161ios \u201eProvance\u201c k\u0117d\u0117s, - Pu\u0161ies mediena, - Apvalus stalas 115 cm, auk\u0161tis 77 cm, i\u0161traukiamas (+1 50 cm i\u0161traukiamas stalas),  <\/p>","protected":false},"excerpt":{"rendered":"<p>Specifikacijos: - Komplekt\u0105 sudaro \u201eProvance\u201c stalas ir \u0161e\u0161ios \u201eProvance\u201c k\u0117d\u0117s, - Pu\u0161ies mediena, - Apvalus stalas 115 cm, auk\u0161tis 77 cm, i\u0161traukiamas (+1 50 cm i\u0161traukiamas stalas),<\/p>","protected":false},"featured_media":144086,"comment_status":"open","ping_status":"closed","template":"","meta":[],"product_brand":[],"product_cat":[3450,9121],"product_tag":[],"class_list":{"0":"post-144029","1":"product","2":"type-product","3":"status-publish","4":"has-post-thumbnail","6":"product_cat-meble-pyka","7":"product_cat-table-sets","9":"first","10":"instock","11":"shipping-taxable","12":"purchasable","13":"product-type-variable","14":"wvs-archive-product-wrapper"},"_links":{"self":[{"href":"https:\/\/baldumarket.lt\/lt\/wp-json\/wp\/v2\/product\/144029","targetHints":{"allow":["GET"]}}],"collection":[{"href":"https:\/\/baldumarket.lt\/lt\/wp-json\/wp\/v2\/product"}],"about":[{"href":"https:\/\/baldumarket.lt\/lt\/wp-json\/wp\/v2\/types\/product"}],"replies":[{"embeddable":true,"href":"https:\/\/baldumarket.lt\/lt\/wp-json\/wp\/v2\/comments?post=144029"}],"wp:featuredmedia":[{"embeddable":true,"href":"https:\/\/baldumarket.lt\/lt\/wp-json\/wp\/v2\/media\/144086"}],"wp:attachment":[{"href":"https:\/\/baldumarket.lt\/lt\/wp-json\/wp\/v2\/media?parent=144029"}],"wp:term":[{"taxonomy":"product_brand","embeddable":true,"href":"https:\/\/baldumarket.lt\/lt\/wp-json\/wp\/v2\/product_brand?post=144029"},{"taxonomy":"product_cat","embeddable":true,"href":"https:\/\/baldumarket.lt\/lt\/wp-json\/wp\/v2\/product_cat?post=144029"},{"taxonomy":"product_tag","embeddable":true,"href":"https:\/\/baldumarket.lt\/lt\/wp-json\/wp\/v2\/product_tag?post=144029"}],"curies":[{"name":"wp","href":"https:\/\/api.w.org\/{rel}","templated":true}]}}