{"id":144027,"date":"2025-12-14T02:16:24","date_gmt":"2025-12-13T23:16:24","guid":{"rendered":"https:\/\/baldumarket.lt\/?post_type=product&#038;p=144027"},"modified":"2026-02-03T23:36:05","modified_gmt":"2026-02-03T20:36:05","slug":"zestaw-mustang-321-madras-white","status":"publish","type":"product","link":"https:\/\/baldumarket.lt\/lt\/product\/zestaw-mustang-321-madras-white\/","title":{"rendered":"MUSTANG 3+2+1 Madras White komplektas"},"content":{"rendered":"<p>\u201eMustang\u201c komplektas \u2013 puikus sprendimas i\u0161rankiausiems klientams, kurie nebijo dr\u0105si\u0173 sprendim\u0173 ir ie\u0161ko unikali\u0173 bald\u0173 savo interjerui. Unikalus gro\u017eis ir klasikin\u0117 elegancija derinama su rankomis rai\u017eytais arkliais. Specifikacijos: - Triviet\u0117je sofoje yra miegojimo funkcija - \u201eBonnell\u201c spyruokl\u0117s, - Didelio elastingumo putos, - Medinis r\u0117mas su rai\u017eytomis arkli\u0173 galvomis.<\/p>","protected":false},"excerpt":{"rendered":"<p>\u201eMustang\u201c komplektas \u2013 puikus sprendimas i\u0161rankiausiems klientams, kurie nebijo dr\u0105si\u0173 sprendim\u0173 ir ie\u0161ko unikali\u0173 bald\u0173 savo interjerui. Unikalus gro\u017eis ir klasikin\u0117 elegancija derinama su rankomis rai\u017eytais arkliais. Specifikacijos: - Triviet\u0117je sofoje yra miegojimo funkcija - \u201eBonnell\u201c spyruokl\u0117s, - Didelio elastingumo putos, - Medinis r\u0117mas su rai\u017eytomis arkli\u0173 galvomis.<\/p>","protected":false},"featured_media":144082,"comment_status":"open","ping_status":"closed","template":"","meta":[],"product_brand":[],"product_cat":[9374,660,3450],"product_tag":[],"class_list":{"0":"post-144027","1":"product","2":"type-product","3":"status-publish","4":"has-post-thumbnail","6":"product_cat-upholstered-furniture-mustang-pyka","7":"product_cat-lounge-sets","8":"product_cat-meble-pyka","10":"first","11":"instock","12":"shipping-taxable","13":"purchasable","14":"product-type-variable","15":"wvs-archive-product-wrapper"},"_links":{"self":[{"href":"https:\/\/baldumarket.lt\/lt\/wp-json\/wp\/v2\/product\/144027","targetHints":{"allow":["GET"]}}],"collection":[{"href":"https:\/\/baldumarket.lt\/lt\/wp-json\/wp\/v2\/product"}],"about":[{"href":"https:\/\/baldumarket.lt\/lt\/wp-json\/wp\/v2\/types\/product"}],"replies":[{"embeddable":true,"href":"https:\/\/baldumarket.lt\/lt\/wp-json\/wp\/v2\/comments?post=144027"}],"wp:featuredmedia":[{"embeddable":true,"href":"https:\/\/baldumarket.lt\/lt\/wp-json\/wp\/v2\/media\/144082"}],"wp:attachment":[{"href":"https:\/\/baldumarket.lt\/lt\/wp-json\/wp\/v2\/media?parent=144027"}],"wp:term":[{"taxonomy":"product_brand","embeddable":true,"href":"https:\/\/baldumarket.lt\/lt\/wp-json\/wp\/v2\/product_brand?post=144027"},{"taxonomy":"product_cat","embeddable":true,"href":"https:\/\/baldumarket.lt\/lt\/wp-json\/wp\/v2\/product_cat?post=144027"},{"taxonomy":"product_tag","embeddable":true,"href":"https:\/\/baldumarket.lt\/lt\/wp-json\/wp\/v2\/product_tag?post=144027"}],"curies":[{"name":"wp","href":"https:\/\/api.w.org\/{rel}","templated":true}]}}