{"id":144012,"date":"2025-12-14T02:15:57","date_gmt":"2025-12-13T23:15:57","guid":{"rendered":"https:\/\/baldumarket.lt\/?post_type=product&#038;p=144012"},"modified":"2026-02-03T23:36:05","modified_gmt":"2026-02-03T20:36:05","slug":"zestaw-magnett-211-madras-rosewhite","status":"publish","type":"product","link":"https:\/\/baldumarket.lt\/lt\/product\/zestaw-magnett-211-madras-rosewhite\/","title":{"rendered":"MAGNETT 2+1+1 Madras ro\u017ein\u0117s spalvos rinkinys"},"content":{"rendered":"<p>Auk\u0161\u010diausios kokyb\u0117s, modernus \u201eMagnett\u201c komplektas sujungia kokyb\u0119 ir komfort\u0105. Jis turi patogias atsipalaidavimo funkcijas, puikiai tinkan\u010dias atsipalaiduoti po ilgos dienos. Specifikacijos: - \u201eBonnell\u201c spyruokl\u0117s, - didelio elastingumo putos, - silikoninis rutuliukas, - atsipalaidavimo, supimo ir pasukimo funkcijos s\u0117dyn\u0117se, - dviviet\u0117 sofa be papildom\u0173 funkcij\u0173.<\/p>","protected":false},"excerpt":{"rendered":"<p>Auk\u0161\u010diausios kokyb\u0117s, modernus \u201eMagnett\u201c komplektas sujungia kokyb\u0119 ir komfort\u0105. Jis turi patogias atsipalaidavimo funkcijas, puikiai tinkan\u010dias atsipalaiduoti po ilgos dienos. Specifikacijos: - \u201eBonnell\u201c spyruokl\u0117s, - didelio elastingumo putos, - silikoninis rutuliukas, - atsipalaidavimo, supimo ir pasukimo funkcijos s\u0117dyn\u0117se, - dviviet\u0117 sofa be papildom\u0173 funkcij\u0173.<\/p>","protected":false},"featured_media":144075,"comment_status":"open","ping_status":"closed","template":"","meta":[],"product_brand":[],"product_cat":[9376,660,3450],"product_tag":[],"class_list":{"0":"post-144012","1":"product","2":"type-product","3":"status-publish","4":"has-post-thumbnail","6":"product_cat-magnett-pyka-upholstered-furniture","7":"product_cat-lounge-sets","8":"product_cat-meble-pyka","10":"first","11":"instock","12":"shipping-taxable","13":"purchasable","14":"product-type-variable","15":"wvs-archive-product-wrapper"},"_links":{"self":[{"href":"https:\/\/baldumarket.lt\/lt\/wp-json\/wp\/v2\/product\/144012","targetHints":{"allow":["GET"]}}],"collection":[{"href":"https:\/\/baldumarket.lt\/lt\/wp-json\/wp\/v2\/product"}],"about":[{"href":"https:\/\/baldumarket.lt\/lt\/wp-json\/wp\/v2\/types\/product"}],"replies":[{"embeddable":true,"href":"https:\/\/baldumarket.lt\/lt\/wp-json\/wp\/v2\/comments?post=144012"}],"wp:featuredmedia":[{"embeddable":true,"href":"https:\/\/baldumarket.lt\/lt\/wp-json\/wp\/v2\/media\/144075"}],"wp:attachment":[{"href":"https:\/\/baldumarket.lt\/lt\/wp-json\/wp\/v2\/media?parent=144012"}],"wp:term":[{"taxonomy":"product_brand","embeddable":true,"href":"https:\/\/baldumarket.lt\/lt\/wp-json\/wp\/v2\/product_brand?post=144012"},{"taxonomy":"product_cat","embeddable":true,"href":"https:\/\/baldumarket.lt\/lt\/wp-json\/wp\/v2\/product_cat?post=144012"},{"taxonomy":"product_tag","embeddable":true,"href":"https:\/\/baldumarket.lt\/lt\/wp-json\/wp\/v2\/product_tag?post=144012"}],"curies":[{"name":"wp","href":"https:\/\/api.w.org\/{rel}","templated":true}]}}