{"id":144010,"date":"2025-12-14T02:15:56","date_gmt":"2025-12-13T23:15:56","guid":{"rendered":"https:\/\/baldumarket.lt\/?post_type=product&#038;p=144010"},"modified":"2026-02-03T23:36:05","modified_gmt":"2026-02-03T20:36:05","slug":"zestaw-ludwig-321-lech-fresh-10","status":"publish","type":"product","link":"https:\/\/baldumarket.lt\/lt\/product\/zestaw-ludwig-321-lech-fresh-10\/","title":{"rendered":"LUDWIG 3+2+1 Lech Fresh 10 vnt. komplektas"},"content":{"rendered":"<p>\u201eLudwig\u201c komplektas \u2013 unikalus baldas ie\u0161kantiems Liudviko stiliaus bald\u0173. Lengvumas ir grak\u0161tumas \u2013 tai unikal\u016bs privalumai. Formuotos atlo\u0161o juostel\u0117s ir patog\u016bs porankiai suteikia i\u0161skirtin\u012f komfort\u0105. Specifikacijos: - Labai elastingi dir\u017eeliai, - Labai atsparus HR putplastis, - Dekoratyvinis dygsniavimas, - Sidabriniai blizgu\u010diai, - Sidabrin\u0117s medin\u0117s kojel\u0117s.<\/p>","protected":false},"excerpt":{"rendered":"<p>\u201eLudwig\u201c komplektas \u2013 unikalus baldas ie\u0161kantiems Liudviko stiliaus bald\u0173. Lengvumas ir grak\u0161tumas \u2013 tai unikal\u016bs privalumai. Formuotos atlo\u0161o juostel\u0117s ir patog\u016bs porankiai suteikia i\u0161skirtin\u012f komfort\u0105. Specifikacijos: - Labai elastingi dir\u017eeliai, - Labai atsparus HR putplastis, - Dekoratyvinis dygsniavimas, - Sidabriniai blizgu\u010diai, - Sidabrin\u0117s medin\u0117s kojel\u0117s.<\/p>","protected":false},"featured_media":144071,"comment_status":"open","ping_status":"closed","template":"","meta":[],"product_brand":[],"product_cat":[9373,660,3450],"product_tag":[],"class_list":{"0":"post-144010","1":"product","2":"type-product","3":"status-publish","4":"has-post-thumbnail","6":"product_cat-ludwig-pyka-upholstered-furniture","7":"product_cat-lounge-sets","8":"product_cat-meble-pyka","10":"first","11":"instock","12":"shipping-taxable","13":"purchasable","14":"product-type-variable","15":"wvs-archive-product-wrapper"},"_links":{"self":[{"href":"https:\/\/baldumarket.lt\/lt\/wp-json\/wp\/v2\/product\/144010","targetHints":{"allow":["GET"]}}],"collection":[{"href":"https:\/\/baldumarket.lt\/lt\/wp-json\/wp\/v2\/product"}],"about":[{"href":"https:\/\/baldumarket.lt\/lt\/wp-json\/wp\/v2\/types\/product"}],"replies":[{"embeddable":true,"href":"https:\/\/baldumarket.lt\/lt\/wp-json\/wp\/v2\/comments?post=144010"}],"wp:featuredmedia":[{"embeddable":true,"href":"https:\/\/baldumarket.lt\/lt\/wp-json\/wp\/v2\/media\/144071"}],"wp:attachment":[{"href":"https:\/\/baldumarket.lt\/lt\/wp-json\/wp\/v2\/media?parent=144010"}],"wp:term":[{"taxonomy":"product_brand","embeddable":true,"href":"https:\/\/baldumarket.lt\/lt\/wp-json\/wp\/v2\/product_brand?post=144010"},{"taxonomy":"product_cat","embeddable":true,"href":"https:\/\/baldumarket.lt\/lt\/wp-json\/wp\/v2\/product_cat?post=144010"},{"taxonomy":"product_tag","embeddable":true,"href":"https:\/\/baldumarket.lt\/lt\/wp-json\/wp\/v2\/product_tag?post=144010"}],"curies":[{"name":"wp","href":"https:\/\/api.w.org\/{rel}","templated":true}]}}