{"id":144006,"date":"2025-12-14T02:15:55","date_gmt":"2025-12-13T23:15:55","guid":{"rendered":"https:\/\/baldumarket.lt\/?post_type=product&#038;p=144006"},"modified":"2026-02-03T23:36:05","modified_gmt":"2026-02-03T20:36:05","slug":"zestaw-galaxy-321-punch-cognac","status":"publish","type":"product","link":"https:\/\/baldumarket.lt\/lt\/product\/zestaw-galaxy-321-punch-cognac\/","title":{"rendered":"GALAXY 3+2+1 Punch konjako rinkinys"},"content":{"rendered":"<p>Auk\u0161\u010diausios kokyb\u0117s, modernus \u201eGalaxy\u201c komplektas sujungia kokyb\u0119 ir komfort\u0105. Jis turi patogias atsipalaidavimo funkcijas, puikiai tinkan\u010dias atsipalaiduoti po ilgos dienos. Specifikacijos: - \u201eBonnell\u201c spyruokl\u0117s, - didelio elastingumo putos, - triviet\u0117 sofa su dviem rankin\u0117mis atsipalaidavimo funkcijomis, - dviviet\u0117 sofa su dviem rankin\u0117mis atsipalaidavimo funkcijomis, - fotelis su pasukama, supama ir rankine atsipalaidavimo funkcijomis.<\/p>","protected":false},"excerpt":{"rendered":"<p>Auk\u0161\u010diausios kokyb\u0117s, modernus \u201eGalaxy\u201c komplektas sujungia kokyb\u0119 ir komfort\u0105. Jis turi patogias atsipalaidavimo funkcijas, puikiai tinkan\u010dias atsipalaiduoti po ilgos dienos. Specifikacijos: - \u201eBonnell\u201c spyruokl\u0117s, - didelio elastingumo putos, - triviet\u0117 sofa su dviem rankin\u0117mis atsipalaidavimo funkcijomis, - dviviet\u0117 sofa su dviem rankin\u0117mis atsipalaidavimo funkcijomis, - fotelis su pasukama, supama ir rankine atsipalaidavimo funkcijomis.<\/p>","protected":false},"featured_media":144063,"comment_status":"open","ping_status":"closed","template":"","meta":[],"product_brand":[],"product_cat":[660,3450],"product_tag":[],"class_list":{"0":"post-144006","1":"product","2":"type-product","3":"status-publish","4":"has-post-thumbnail","6":"product_cat-lounge-sets","7":"product_cat-meble-pyka","9":"first","10":"instock","11":"shipping-taxable","12":"purchasable","13":"product-type-variable","14":"wvs-archive-product-wrapper"},"_links":{"self":[{"href":"https:\/\/baldumarket.lt\/lt\/wp-json\/wp\/v2\/product\/144006","targetHints":{"allow":["GET"]}}],"collection":[{"href":"https:\/\/baldumarket.lt\/lt\/wp-json\/wp\/v2\/product"}],"about":[{"href":"https:\/\/baldumarket.lt\/lt\/wp-json\/wp\/v2\/types\/product"}],"replies":[{"embeddable":true,"href":"https:\/\/baldumarket.lt\/lt\/wp-json\/wp\/v2\/comments?post=144006"}],"wp:featuredmedia":[{"embeddable":true,"href":"https:\/\/baldumarket.lt\/lt\/wp-json\/wp\/v2\/media\/144063"}],"wp:attachment":[{"href":"https:\/\/baldumarket.lt\/lt\/wp-json\/wp\/v2\/media?parent=144006"}],"wp:term":[{"taxonomy":"product_brand","embeddable":true,"href":"https:\/\/baldumarket.lt\/lt\/wp-json\/wp\/v2\/product_brand?post=144006"},{"taxonomy":"product_cat","embeddable":true,"href":"https:\/\/baldumarket.lt\/lt\/wp-json\/wp\/v2\/product_cat?post=144006"},{"taxonomy":"product_tag","embeddable":true,"href":"https:\/\/baldumarket.lt\/lt\/wp-json\/wp\/v2\/product_tag?post=144006"}],"curies":[{"name":"wp","href":"https:\/\/api.w.org\/{rel}","templated":true}]}}