{"id":144002,"date":"2025-12-14T02:15:53","date_gmt":"2025-12-13T23:15:53","guid":{"rendered":"https:\/\/baldumarket.lt\/?post_type=product&#038;p=144002"},"modified":"2026-02-03T23:36:06","modified_gmt":"2026-02-03T20:36:06","slug":"zestaw-everest-3r11-idesin-zetta-302","status":"publish","type":"product","link":"https:\/\/baldumarket.lt\/lt\/product\/zestaw-everest-3r11-idesin-zetta-302\/","title":{"rendered":"EVEREST 3R+1+1 Idesin Zetta 302 komplektas"},"content":{"rendered":"<p>\u201eEverest\u201c komplektas \u2013 puikus baldas modernaus stiliaus m\u0117g\u0117jams. Jame dera estetika ir funkcionalumas. Reguliuojamos galvos atramos \u2013 papildomas privalumas. Specifikacijos: - \u201eCavalry\u201c spyruokl\u0117s, - Didelio elastingumo putos, - Triviet\u0117je sofoje galima miegoti retkar\u010diais, - Reguliuojamos galvos atramos, - Si\u016bl\u0117s, - Sidabrin\u0117s kojel\u0117s.<\/p>","protected":false},"excerpt":{"rendered":"<p>\u201eEverest\u201c komplektas \u2013 puikus baldas modernaus stiliaus m\u0117g\u0117jams. Jame dera estetika ir funkcionalumas. Reguliuojamos galvos atramos \u2013 papildomas privalumas. Specifikacijos: - \u201eCavalry\u201c spyruokl\u0117s, - Didelio elastingumo putos, - Triviet\u0117je sofoje galima miegoti retkar\u010diais, - Reguliuojamos galvos atramos, - Si\u016bl\u0117s, - Sidabrin\u0117s kojel\u0117s.<\/p>","protected":false},"featured_media":144056,"comment_status":"open","ping_status":"closed","template":"","meta":[],"product_brand":[],"product_cat":[9366,660,3450],"product_tag":[],"class_list":{"0":"post-144002","1":"product","2":"type-product","3":"status-publish","4":"has-post-thumbnail","6":"product_cat-everest-pyka-upholstered-furniture","7":"product_cat-lounge-sets","8":"product_cat-meble-pyka","10":"first","11":"instock","12":"shipping-taxable","13":"purchasable","14":"product-type-variable","15":"wvs-archive-product-wrapper"},"_links":{"self":[{"href":"https:\/\/baldumarket.lt\/lt\/wp-json\/wp\/v2\/product\/144002","targetHints":{"allow":["GET"]}}],"collection":[{"href":"https:\/\/baldumarket.lt\/lt\/wp-json\/wp\/v2\/product"}],"about":[{"href":"https:\/\/baldumarket.lt\/lt\/wp-json\/wp\/v2\/types\/product"}],"replies":[{"embeddable":true,"href":"https:\/\/baldumarket.lt\/lt\/wp-json\/wp\/v2\/comments?post=144002"}],"wp:featuredmedia":[{"embeddable":true,"href":"https:\/\/baldumarket.lt\/lt\/wp-json\/wp\/v2\/media\/144056"}],"wp:attachment":[{"href":"https:\/\/baldumarket.lt\/lt\/wp-json\/wp\/v2\/media?parent=144002"}],"wp:term":[{"taxonomy":"product_brand","embeddable":true,"href":"https:\/\/baldumarket.lt\/lt\/wp-json\/wp\/v2\/product_brand?post=144002"},{"taxonomy":"product_cat","embeddable":true,"href":"https:\/\/baldumarket.lt\/lt\/wp-json\/wp\/v2\/product_cat?post=144002"},{"taxonomy":"product_tag","embeddable":true,"href":"https:\/\/baldumarket.lt\/lt\/wp-json\/wp\/v2\/product_tag?post=144002"}],"curies":[{"name":"wp","href":"https:\/\/api.w.org\/{rel}","templated":true}]}}