{"id":144000,"date":"2025-12-14T02:15:53","date_gmt":"2025-12-13T23:15:53","guid":{"rendered":"https:\/\/baldumarket.lt\/?post_type=product&#038;p=144000"},"modified":"2026-02-03T23:36:06","modified_gmt":"2026-02-03T20:36:06","slug":"zestaw-chesterfield-3r11-fargotex-piano-18","status":"publish","type":"product","link":"https:\/\/baldumarket.lt\/lt\/product\/zestaw-chesterfield-3r11-fargotex-piano-18\/","title":{"rendered":"CHESTERFIELD 3R+1+1 Fargotex pianinas, 18 vnt. komplektas"},"content":{"rendered":"<p>D\u0117l savo klasikin\u0117s elegancijos \u201eChesterfield\u201c sofa puikiai dera tiek su moderniais, tiek su vinta\u017einiais baldais. I\u0161skirtinis dygsniuotas audinys paver\u010dia j\u012f vienu atpa\u017e\u012fstamiausi\u0173 bald\u0173 komplekt\u0173 visame pasaulyje. Jis puikiai papildys prabang\u0173 interjer\u0105. Specifikacijos: - \u201eBonnell\u201c spyruokl\u0117s, - didelio elastingumo putplastis, - miegojimo funkcija triviet\u0117je sofoje, - dekoratyvinis dygsniuotas audinys, - medin\u0117s kojel\u0117s.<\/p>","protected":false},"excerpt":{"rendered":"<p>D\u0117l savo klasikin\u0117s elegancijos \u201eChesterfield\u201c sofa puikiai dera tiek su moderniais, tiek su vinta\u017einiais baldais. I\u0161skirtinis dygsniuotas audinys paver\u010dia j\u012f vienu atpa\u017e\u012fstamiausi\u0173 bald\u0173 komplekt\u0173 visame pasaulyje. Jis puikiai papildys prabang\u0173 interjer\u0105. Specifikacijos: - \u201eBonnell\u201c spyruokl\u0117s, - didelio elastingumo putplastis, - miegojimo funkcija triviet\u0117je sofoje, - dekoratyvinis dygsniuotas audinys, - medin\u0117s kojel\u0117s.<\/p>","protected":false},"featured_media":144045,"comment_status":"open","ping_status":"closed","template":"","meta":[],"product_brand":[],"product_cat":[9357,660,3450],"product_tag":[],"class_list":{"0":"post-144000","1":"product","2":"type-product","3":"status-publish","4":"has-post-thumbnail","6":"product_cat-chesterfield-pyka-upholstered-furniture","7":"product_cat-lounge-sets","8":"product_cat-meble-pyka","10":"first","11":"instock","12":"shipping-taxable","13":"purchasable","14":"product-type-variable","15":"wvs-archive-product-wrapper"},"_links":{"self":[{"href":"https:\/\/baldumarket.lt\/lt\/wp-json\/wp\/v2\/product\/144000","targetHints":{"allow":["GET"]}}],"collection":[{"href":"https:\/\/baldumarket.lt\/lt\/wp-json\/wp\/v2\/product"}],"about":[{"href":"https:\/\/baldumarket.lt\/lt\/wp-json\/wp\/v2\/types\/product"}],"replies":[{"embeddable":true,"href":"https:\/\/baldumarket.lt\/lt\/wp-json\/wp\/v2\/comments?post=144000"}],"wp:featuredmedia":[{"embeddable":true,"href":"https:\/\/baldumarket.lt\/lt\/wp-json\/wp\/v2\/media\/144045"}],"wp:attachment":[{"href":"https:\/\/baldumarket.lt\/lt\/wp-json\/wp\/v2\/media?parent=144000"}],"wp:term":[{"taxonomy":"product_brand","embeddable":true,"href":"https:\/\/baldumarket.lt\/lt\/wp-json\/wp\/v2\/product_brand?post=144000"},{"taxonomy":"product_cat","embeddable":true,"href":"https:\/\/baldumarket.lt\/lt\/wp-json\/wp\/v2\/product_cat?post=144000"},{"taxonomy":"product_tag","embeddable":true,"href":"https:\/\/baldumarket.lt\/lt\/wp-json\/wp\/v2\/product_tag?post=144000"}],"curies":[{"name":"wp","href":"https:\/\/api.w.org\/{rel}","templated":true}]}}