{"id":143996,"date":"2025-12-14T02:15:51","date_gmt":"2025-12-13T23:15:51","guid":{"rendered":"https:\/\/baldumarket.lt\/?post_type=product&#038;p=143996"},"modified":"2026-02-03T23:36:06","modified_gmt":"2026-02-03T20:36:06","slug":"zestaw-bella-311-fargotex-milton-14","status":"publish","type":"product","link":"https:\/\/baldumarket.lt\/lt\/product\/zestaw-bella-311-fargotex-milton-14\/","title":{"rendered":"BELLA 3+1+1 komplektas Fargotex Milton 14"},"content":{"rendered":"<p>\u201eBella\u201c komplektas \u2013 puikus baldas klientams, norintiems dekoruoti savo interjer\u0105 skandinavi\u0161ku stiliumi. Pagrindinis komplekto privalumas \u2013 auk\u0161tos medin\u0117s kojel\u0117s, kurios palengvina valym\u0105 nereikalaujant bereikalingo bald\u0173 perstumdymo. Specifikacijos: - Gofruota spyruokl\u0117, - Didelio elastingumo putplastis, - Auk\u0161tos medin\u0117s kojel\u0117s.<\/p>","protected":false},"excerpt":{"rendered":"<p>\u201eBella\u201c komplektas \u2013 puikus baldas klientams, norintiems dekoruoti savo interjer\u0105 skandinavi\u0161ku stiliumi. Pagrindinis komplekto privalumas \u2013 auk\u0161tos medin\u0117s kojel\u0117s, kurios palengvina valym\u0105 nereikalaujant bereikalingo bald\u0173 perstumdymo. Specifikacijos: - Gofruota spyruokl\u0117, - Didelio elastingumo putplastis, - Auk\u0161tos medin\u0117s kojel\u0117s.<\/p>","protected":false},"featured_media":144038,"comment_status":"open","ping_status":"closed","template":"","meta":[],"product_brand":[],"product_cat":[9353,660,3450],"product_tag":[],"class_list":{"0":"post-143996","1":"product","2":"type-product","3":"status-publish","4":"has-post-thumbnail","6":"product_cat-bella-pyka-upholstered-furniture","7":"product_cat-lounge-sets","8":"product_cat-meble-pyka","10":"first","11":"instock","12":"shipping-taxable","13":"purchasable","14":"product-type-variable","15":"wvs-archive-product-wrapper"},"_links":{"self":[{"href":"https:\/\/baldumarket.lt\/lt\/wp-json\/wp\/v2\/product\/143996","targetHints":{"allow":["GET"]}}],"collection":[{"href":"https:\/\/baldumarket.lt\/lt\/wp-json\/wp\/v2\/product"}],"about":[{"href":"https:\/\/baldumarket.lt\/lt\/wp-json\/wp\/v2\/types\/product"}],"replies":[{"embeddable":true,"href":"https:\/\/baldumarket.lt\/lt\/wp-json\/wp\/v2\/comments?post=143996"}],"wp:featuredmedia":[{"embeddable":true,"href":"https:\/\/baldumarket.lt\/lt\/wp-json\/wp\/v2\/media\/144038"}],"wp:attachment":[{"href":"https:\/\/baldumarket.lt\/lt\/wp-json\/wp\/v2\/media?parent=143996"}],"wp:term":[{"taxonomy":"product_brand","embeddable":true,"href":"https:\/\/baldumarket.lt\/lt\/wp-json\/wp\/v2\/product_brand?post=143996"},{"taxonomy":"product_cat","embeddable":true,"href":"https:\/\/baldumarket.lt\/lt\/wp-json\/wp\/v2\/product_cat?post=143996"},{"taxonomy":"product_tag","embeddable":true,"href":"https:\/\/baldumarket.lt\/lt\/wp-json\/wp\/v2\/product_tag?post=143996"}],"curies":[{"name":"wp","href":"https:\/\/api.w.org\/{rel}","templated":true}]}}