{"id":143983,"date":"2025-12-14T02:15:25","date_gmt":"2025-12-13T23:15:25","guid":{"rendered":"https:\/\/baldumarket.lt\/?post_type=product&#038;p=143983"},"modified":"2026-02-03T23:36:06","modified_gmt":"2026-02-03T20:36:06","slug":"zestaw-alex-311-federica-silver-grey","status":"publish","type":"product","link":"https:\/\/baldumarket.lt\/lt\/product\/zestaw-alex-311-federica-silver-grey\/","title":{"rendered":"ALEX 3+1+1 Federica Silver Gray rinkinys"},"content":{"rendered":"<p>Auk\u0161tos kokyb\u0117s, modernus \u201eAlex\u201c sofas derina kokyb\u0119 ir komfort\u0105. Jis turi patogias atsipalaidavimo funkcijas, puikiai tinkan\u010dias atsipalaiduoti po ilgos dienos. Specifikacijos: - \u201eBonnell\u201c spyruokl\u0117, - silikoninis rutulys, - atsipalaidavimo funkcijos triviet\u0117je sofoje, - atsipalaidavimo funkcijos foteliuose.<\/p>","protected":false},"excerpt":{"rendered":"<p>Auk\u0161tos kokyb\u0117s, modernus \u201eAlex\u201c sofas derina kokyb\u0119 ir komfort\u0105. Jis turi patogias atsipalaidavimo funkcijas, puikiai tinkan\u010dias atsipalaiduoti po ilgos dienos. Specifikacijos: - \u201eBonnell\u201c spyruokl\u0117, - silikoninis rutulys, - atsipalaidavimo funkcijos triviet\u0117je sofoje, - atsipalaidavimo funkcijos foteliuose.<\/p>","protected":false},"featured_media":144020,"comment_status":"open","ping_status":"closed","template":"","meta":[],"product_brand":[],"product_cat":[9360,660,3450],"product_tag":[],"class_list":{"0":"post-143983","1":"product","2":"type-product","3":"status-publish","4":"has-post-thumbnail","6":"product_cat-alex-pyka-upholstered-furniture","7":"product_cat-lounge-sets","8":"product_cat-meble-pyka","10":"first","11":"instock","12":"shipping-taxable","13":"purchasable","14":"product-type-variable","15":"wvs-archive-product-wrapper"},"_links":{"self":[{"href":"https:\/\/baldumarket.lt\/lt\/wp-json\/wp\/v2\/product\/143983","targetHints":{"allow":["GET"]}}],"collection":[{"href":"https:\/\/baldumarket.lt\/lt\/wp-json\/wp\/v2\/product"}],"about":[{"href":"https:\/\/baldumarket.lt\/lt\/wp-json\/wp\/v2\/types\/product"}],"replies":[{"embeddable":true,"href":"https:\/\/baldumarket.lt\/lt\/wp-json\/wp\/v2\/comments?post=143983"}],"wp:featuredmedia":[{"embeddable":true,"href":"https:\/\/baldumarket.lt\/lt\/wp-json\/wp\/v2\/media\/144020"}],"wp:attachment":[{"href":"https:\/\/baldumarket.lt\/lt\/wp-json\/wp\/v2\/media?parent=143983"}],"wp:term":[{"taxonomy":"product_brand","embeddable":true,"href":"https:\/\/baldumarket.lt\/lt\/wp-json\/wp\/v2\/product_brand?post=143983"},{"taxonomy":"product_cat","embeddable":true,"href":"https:\/\/baldumarket.lt\/lt\/wp-json\/wp\/v2\/product_cat?post=143983"},{"taxonomy":"product_tag","embeddable":true,"href":"https:\/\/baldumarket.lt\/lt\/wp-json\/wp\/v2\/product_tag?post=143983"}],"curies":[{"name":"wp","href":"https:\/\/api.w.org\/{rel}","templated":true}]}}