{"id":143955,"date":"2025-12-14T02:14:54","date_gmt":"2025-12-13T23:14:54","guid":{"rendered":"https:\/\/baldumarket.lt\/?post_type=product&#038;p=143955"},"modified":"2026-02-03T23:36:07","modified_gmt":"2026-02-03T20:36:07","slug":"witryna-1s-2dsz-2dpe-kacper","status":"publish","type":"product","link":"https:\/\/baldumarket.lt\/lt\/product\/witryna-1s-2dsz-2dpe-kacper\/","title":{"rendered":"vitrina 1S 2DSZ 2DPE KACPER"},"content":{"rendered":"<p>Komodos, spintos, ma\u017eesn\u0117s spintel\u0117s ir didel\u0117s vitrinos. Specialiai savo klientams pareng\u0117me plat\u0173 svetain\u0117s bald\u0173 katalog\u0105, kuriame kiekvienas \u201eKacper\u201c kolekcijos baldas pasi\u017eymi auk\u0161tos kokyb\u0117s meistri\u0161kumu ir patraukliu, unikaliu dizainu. Specifikacijos: - Plastikin\u0117s kojel\u0117s, - Nat\u016bralus \u0105\u017euolo fanera, - \u0160velniai u\u017esidarantys stal\u010diai.* Baldai gaminami pagal u\u017esakym\u0105 \u2013 u\u017esakymo \u012fvykdymo laikas yra 3\u20136 savait\u0117s.<\/p>","protected":false},"excerpt":{"rendered":"<p>Komodos, spintos, ma\u017eesn\u0117s spintel\u0117s ir didel\u0117s vitrinos. Specialiai savo klientams pareng\u0117me plat\u0173 svetain\u0117s bald\u0173 katalog\u0105, kuriame kiekvienas \u201eKacper\u201c kolekcijos baldas pasi\u017eymi auk\u0161tos kokyb\u0117s meistri\u0161kumu ir patraukliu, unikaliu dizainu. Specifikacijos: - Plastikin\u0117s kojel\u0117s, - Nat\u016bralus \u0105\u017euolo fanera, - \u0160velniai u\u017esidarantys stal\u010diai.* Baldai gaminami pagal u\u017esakym\u0105 \u2013 u\u017esakymo gamybos laikas yra [\u2026]<\/p>","protected":false},"featured_media":143990,"comment_status":"open","ping_status":"closed","template":"","meta":[],"product_brand":[],"product_cat":[9379,3450,2006],"product_tag":[],"class_list":{"0":"post-143955","1":"product","2":"type-product","3":"status-publish","4":"has-post-thumbnail","6":"product_cat-furniture-system-kacper-pyka","7":"product_cat-meble-pyka","8":"product_cat-vitrines","10":"first","11":"instock","12":"shipping-taxable","13":"purchasable","14":"product-type-variable","15":"wvs-archive-product-wrapper"},"_links":{"self":[{"href":"https:\/\/baldumarket.lt\/lt\/wp-json\/wp\/v2\/product\/143955","targetHints":{"allow":["GET"]}}],"collection":[{"href":"https:\/\/baldumarket.lt\/lt\/wp-json\/wp\/v2\/product"}],"about":[{"href":"https:\/\/baldumarket.lt\/lt\/wp-json\/wp\/v2\/types\/product"}],"replies":[{"embeddable":true,"href":"https:\/\/baldumarket.lt\/lt\/wp-json\/wp\/v2\/comments?post=143955"}],"wp:featuredmedia":[{"embeddable":true,"href":"https:\/\/baldumarket.lt\/lt\/wp-json\/wp\/v2\/media\/143990"}],"wp:attachment":[{"href":"https:\/\/baldumarket.lt\/lt\/wp-json\/wp\/v2\/media?parent=143955"}],"wp:term":[{"taxonomy":"product_brand","embeddable":true,"href":"https:\/\/baldumarket.lt\/lt\/wp-json\/wp\/v2\/product_brand?post=143955"},{"taxonomy":"product_cat","embeddable":true,"href":"https:\/\/baldumarket.lt\/lt\/wp-json\/wp\/v2\/product_cat?post=143955"},{"taxonomy":"product_tag","embeddable":true,"href":"https:\/\/baldumarket.lt\/lt\/wp-json\/wp\/v2\/product_tag?post=143955"}],"curies":[{"name":"wp","href":"https:\/\/api.w.org\/{rel}","templated":true}]}}