{"id":143879,"date":"2025-12-14T02:13:23","date_gmt":"2025-12-13T23:13:23","guid":{"rendered":"https:\/\/baldumarket.lt\/?post_type=product&#038;p=143879"},"modified":"2026-02-03T23:36:10","modified_gmt":"2026-02-03T20:36:10","slug":"stol-orion","status":"publish","type":"product","link":"https:\/\/baldumarket.lt\/lt\/product\/stol-orion\/","title":{"rendered":"ORION stalas"},"content":{"rendered":"<p>Specifikacijos: -Apvalus i\u0161traukiamas stalas (+1 100 cm \u012fd\u0117klas), -Juodos medin\u0117s kojos, -Nat\u016bralaus \u0105\u017euolo faneruot\u0117s stalvir\u0161is su lakuota danga, <\/p>","protected":false},"excerpt":{"rendered":"<p>Specifikacijos: -Apvalus i\u0161traukiamas stalas (+1 100 cm \u012fd\u0117klas), -Juodos medin\u0117s kojos, -Nat\u016bralaus \u0105\u017euolo faneruot\u0117s stalvir\u0161is su lakuota danga,<\/p>","protected":false},"featured_media":143912,"comment_status":"open","ping_status":"closed","template":"","meta":[],"product_brand":[],"product_cat":[9385,3450,1934],"product_tag":[],"class_list":{"0":"post-143879","1":"product","2":"type-product","3":"status-publish","4":"has-post-thumbnail","6":"product_cat-tables-pyka","7":"product_cat-meble-pyka","8":"product_cat-tables","10":"first","11":"instock","12":"shipping-taxable","13":"purchasable","14":"product-type-variable","15":"wvs-archive-product-wrapper"},"_links":{"self":[{"href":"https:\/\/baldumarket.lt\/lt\/wp-json\/wp\/v2\/product\/143879","targetHints":{"allow":["GET"]}}],"collection":[{"href":"https:\/\/baldumarket.lt\/lt\/wp-json\/wp\/v2\/product"}],"about":[{"href":"https:\/\/baldumarket.lt\/lt\/wp-json\/wp\/v2\/types\/product"}],"replies":[{"embeddable":true,"href":"https:\/\/baldumarket.lt\/lt\/wp-json\/wp\/v2\/comments?post=143879"}],"wp:featuredmedia":[{"embeddable":true,"href":"https:\/\/baldumarket.lt\/lt\/wp-json\/wp\/v2\/media\/143912"}],"wp:attachment":[{"href":"https:\/\/baldumarket.lt\/lt\/wp-json\/wp\/v2\/media?parent=143879"}],"wp:term":[{"taxonomy":"product_brand","embeddable":true,"href":"https:\/\/baldumarket.lt\/lt\/wp-json\/wp\/v2\/product_brand?post=143879"},{"taxonomy":"product_cat","embeddable":true,"href":"https:\/\/baldumarket.lt\/lt\/wp-json\/wp\/v2\/product_cat?post=143879"},{"taxonomy":"product_tag","embeddable":true,"href":"https:\/\/baldumarket.lt\/lt\/wp-json\/wp\/v2\/product_tag?post=143879"}],"curies":[{"name":"wp","href":"https:\/\/api.w.org\/{rel}","templated":true}]}}