{"id":143855,"date":"2025-12-14T02:12:48","date_gmt":"2025-12-13T23:12:48","guid":{"rendered":"https:\/\/baldumarket.lt\/?post_type=product&#038;p=143855"},"modified":"2026-02-03T23:36:11","modified_gmt":"2026-02-03T20:36:11","slug":"stol-matin-z-blatem-dzielonym-90-160-cm","status":"publish","type":"product","link":"https:\/\/baldumarket.lt\/lt\/product\/stol-matin-z-blatem-dzielonym-90-160-cm\/","title":{"rendered":"MATIN stalas su padalintu stalvir\u0161iu 90\u2013160 cm"},"content":{"rendered":"<p>Paprastas ir nesenstantis \u201eMatin\u201c stalo dizainas puikiai dera prie bet kokio interjero ilgus metus ir u\u017etikrina patog\u0173 naudojim\u0105. Juodos metalin\u0117s kojel\u0117s suteikia papildomo charakterio. Specifikacijos: \u2013 Metalin\u0117s kojel\u0117s \u2013 Alyvuota kolekcija * baldai, pagaminti pagal u\u017esakym\u0105 \u2013 u\u017esakymo gamybos laikas: 3\u20136 savait\u0117s<\/p>","protected":false},"excerpt":{"rendered":"<p>The simple and timeless design of the Matin table makes it a perfect addition to any interior for years to come, ensuring comfortable use. Black metal legs add an extra touch of character. Specifications: &#8211; Metal legs &#8211; Oiled collection * custom-made furniture &#8211; order lead time: 3 to 6 weeks<\/p>","protected":false},"featured_media":143894,"comment_status":"open","ping_status":"closed","template":"","meta":[],"product_brand":[],"product_cat":[9385,3450,1934],"product_tag":[],"class_list":{"0":"post-143855","1":"product","2":"type-product","3":"status-publish","4":"has-post-thumbnail","6":"product_cat-tables-pyka","7":"product_cat-meble-pyka","8":"product_cat-tables","10":"first","11":"instock","12":"shipping-taxable","13":"purchasable","14":"product-type-variable","15":"wvs-archive-product-wrapper"},"_links":{"self":[{"href":"https:\/\/baldumarket.lt\/lt\/wp-json\/wp\/v2\/product\/143855","targetHints":{"allow":["GET"]}}],"collection":[{"href":"https:\/\/baldumarket.lt\/lt\/wp-json\/wp\/v2\/product"}],"about":[{"href":"https:\/\/baldumarket.lt\/lt\/wp-json\/wp\/v2\/types\/product"}],"replies":[{"embeddable":true,"href":"https:\/\/baldumarket.lt\/lt\/wp-json\/wp\/v2\/comments?post=143855"}],"wp:featuredmedia":[{"embeddable":true,"href":"https:\/\/baldumarket.lt\/lt\/wp-json\/wp\/v2\/media\/143894"}],"wp:attachment":[{"href":"https:\/\/baldumarket.lt\/lt\/wp-json\/wp\/v2\/media?parent=143855"}],"wp:term":[{"taxonomy":"product_brand","embeddable":true,"href":"https:\/\/baldumarket.lt\/lt\/wp-json\/wp\/v2\/product_brand?post=143855"},{"taxonomy":"product_cat","embeddable":true,"href":"https:\/\/baldumarket.lt\/lt\/wp-json\/wp\/v2\/product_cat?post=143855"},{"taxonomy":"product_tag","embeddable":true,"href":"https:\/\/baldumarket.lt\/lt\/wp-json\/wp\/v2\/product_tag?post=143855"}],"curies":[{"name":"wp","href":"https:\/\/api.w.org\/{rel}","templated":true}]}}