{"id":143843,"date":"2025-12-14T02:12:22","date_gmt":"2025-12-13T23:12:22","guid":{"rendered":"https:\/\/baldumarket.lt\/?post_type=product&#038;p=143843"},"modified":"2026-02-03T23:36:11","modified_gmt":"2026-02-03T20:36:11","slug":"stol-matin-okragly","status":"publish","type":"product","link":"https:\/\/baldumarket.lt\/lt\/product\/stol-matin-okragly\/","title":{"rendered":"MATIN apvalus stalas"},"content":{"rendered":"<p>\u201eMatin\u201c stalas pasi\u017eymi i\u0161skirtiniu pramoniniu dizainu. Svarbiausias m\u016bs\u0173 stalo bruo\u017eas \u2013 metalin\u0117s kojel\u0117s, kurios garantuoja i\u0161skirtin\u012f visos konstrukcijos stabilum\u0105. Jos taip pat atlieka dekoratyvin\u0119 funkcij\u0105, ypa\u010d sulankstytos. \u0160is baldas lengvai tilps modernioje virtuv\u0117je, valgomajame ar svetain\u0117je ir taps i\u0161skirtiniu elementu. Specifikacijos: - Stalvir\u0161is pagamintas i\u0161 nat\u016bralaus \u0105\u017euolo faneros, - Metalin\u0117s kojel\u0117s, - Metaliniai b\u0117geliai, - 50 cm \u012fd\u0117klas.<\/p>","protected":false},"excerpt":{"rendered":"<p>The Matin table offers industrial design in an exclusive form. A key feature of our table is its metal legs, which guarantee exceptional stability for the entire structure. They also serve a decorative purpose, especially when folded. This piece of furniture will easily fit into a modern kitchen, dining room, or living room, becoming a [&hellip;]<\/p>","protected":false},"featured_media":143890,"comment_status":"open","ping_status":"closed","template":"","meta":[],"product_brand":[],"product_cat":[9385,3450,1934],"product_tag":[],"class_list":{"0":"post-143843","1":"product","2":"type-product","3":"status-publish","4":"has-post-thumbnail","6":"product_cat-tables-pyka","7":"product_cat-meble-pyka","8":"product_cat-tables","10":"first","11":"instock","12":"shipping-taxable","13":"purchasable","14":"product-type-variable","15":"wvs-archive-product-wrapper"},"_links":{"self":[{"href":"https:\/\/baldumarket.lt\/lt\/wp-json\/wp\/v2\/product\/143843","targetHints":{"allow":["GET"]}}],"collection":[{"href":"https:\/\/baldumarket.lt\/lt\/wp-json\/wp\/v2\/product"}],"about":[{"href":"https:\/\/baldumarket.lt\/lt\/wp-json\/wp\/v2\/types\/product"}],"replies":[{"embeddable":true,"href":"https:\/\/baldumarket.lt\/lt\/wp-json\/wp\/v2\/comments?post=143843"}],"wp:featuredmedia":[{"embeddable":true,"href":"https:\/\/baldumarket.lt\/lt\/wp-json\/wp\/v2\/media\/143890"}],"wp:attachment":[{"href":"https:\/\/baldumarket.lt\/lt\/wp-json\/wp\/v2\/media?parent=143843"}],"wp:term":[{"taxonomy":"product_brand","embeddable":true,"href":"https:\/\/baldumarket.lt\/lt\/wp-json\/wp\/v2\/product_brand?post=143843"},{"taxonomy":"product_cat","embeddable":true,"href":"https:\/\/baldumarket.lt\/lt\/wp-json\/wp\/v2\/product_cat?post=143843"},{"taxonomy":"product_tag","embeddable":true,"href":"https:\/\/baldumarket.lt\/lt\/wp-json\/wp\/v2\/product_tag?post=143843"}],"curies":[{"name":"wp","href":"https:\/\/api.w.org\/{rel}","templated":true}]}}