{"id":143839,"date":"2025-12-14T02:12:21","date_gmt":"2025-12-13T23:12:21","guid":{"rendered":"https:\/\/baldumarket.lt\/?post_type=product&#038;p=143839"},"modified":"2026-02-03T23:36:11","modified_gmt":"2026-02-03T20:36:11","slug":"stol-matin-205x100-cm","status":"publish","type":"product","link":"https:\/\/baldumarket.lt\/lt\/product\/stol-matin-205x100-cm\/","title":{"rendered":"MATIN stalas 205&#215;100 cm"},"content":{"rendered":"<p>Specifikacija: - padalintas stalvir\u0161is, alyvuotas: nat\u016bralus \u0105\u017euolo luk\u0161tas, - nei\u0161ple\u010diamas stalas, - juodos medin\u0117s kojel\u0117s<\/p>","protected":false},"excerpt":{"rendered":"<p>Specifikacija: - padalintas stalvir\u0161is, alyvuotas: nat\u016bralus \u0105\u017euolo luk\u0161tas, - nei\u0161ple\u010diamas stalas, - juodos medin\u0117s kojel\u0117s<\/p>","protected":false},"featured_media":143869,"comment_status":"open","ping_status":"closed","template":"","meta":[],"product_brand":[],"product_cat":[9385,3450,1934],"product_tag":[],"class_list":{"0":"post-143839","1":"product","2":"type-product","3":"status-publish","4":"has-post-thumbnail","6":"product_cat-tables-pyka","7":"product_cat-meble-pyka","8":"product_cat-tables","10":"first","11":"instock","12":"shipping-taxable","13":"purchasable","14":"product-type-variable","15":"wvs-archive-product-wrapper"},"_links":{"self":[{"href":"https:\/\/baldumarket.lt\/lt\/wp-json\/wp\/v2\/product\/143839","targetHints":{"allow":["GET"]}}],"collection":[{"href":"https:\/\/baldumarket.lt\/lt\/wp-json\/wp\/v2\/product"}],"about":[{"href":"https:\/\/baldumarket.lt\/lt\/wp-json\/wp\/v2\/types\/product"}],"replies":[{"embeddable":true,"href":"https:\/\/baldumarket.lt\/lt\/wp-json\/wp\/v2\/comments?post=143839"}],"wp:featuredmedia":[{"embeddable":true,"href":"https:\/\/baldumarket.lt\/lt\/wp-json\/wp\/v2\/media\/143869"}],"wp:attachment":[{"href":"https:\/\/baldumarket.lt\/lt\/wp-json\/wp\/v2\/media?parent=143839"}],"wp:term":[{"taxonomy":"product_brand","embeddable":true,"href":"https:\/\/baldumarket.lt\/lt\/wp-json\/wp\/v2\/product_brand?post=143839"},{"taxonomy":"product_cat","embeddable":true,"href":"https:\/\/baldumarket.lt\/lt\/wp-json\/wp\/v2\/product_cat?post=143839"},{"taxonomy":"product_tag","embeddable":true,"href":"https:\/\/baldumarket.lt\/lt\/wp-json\/wp\/v2\/product_tag?post=143839"}],"curies":[{"name":"wp","href":"https:\/\/api.w.org\/{rel}","templated":true}]}}