{"id":143831,"date":"2025-12-14T02:12:18","date_gmt":"2025-12-13T23:12:18","guid":{"rendered":"https:\/\/baldumarket.lt\/?post_type=product&#038;p=143831"},"modified":"2026-02-03T23:36:11","modified_gmt":"2026-02-03T20:36:11","slug":"stol-kuba-bis-strzelecki","status":"publish","type":"product","link":"https:\/\/baldumarket.lt\/lt\/product\/stol-kuba-bis-strzelecki\/","title":{"rendered":"KUBA BIS \u0161audymo stalas"},"content":{"rendered":"<p>Specifikacijos: \u2013 Nat\u016bralaus \u0105\u017euolo fanera * baldai gaminami pagal u\u017esakym\u0105 \u2013 u\u017esakymo \u012fvykdymo laikas: 3\u20136 savait\u0117s<\/p>","protected":false},"excerpt":{"rendered":"<p>Specifikacijos: \u2013 Nat\u016bralaus \u0105\u017euolo fanera * baldai gaminami pagal u\u017esakym\u0105 \u2013 u\u017esakymo \u012fvykdymo laikas: 3\u20136 savait\u0117s<\/p>","protected":false},"featured_media":143866,"comment_status":"open","ping_status":"closed","template":"","meta":[],"product_brand":[],"product_cat":[9385,3450,1934],"product_tag":[],"class_list":{"0":"post-143831","1":"product","2":"type-product","3":"status-publish","4":"has-post-thumbnail","6":"product_cat-tables-pyka","7":"product_cat-meble-pyka","8":"product_cat-tables","10":"first","11":"instock","12":"shipping-taxable","13":"purchasable","14":"product-type-variable","15":"wvs-archive-product-wrapper"},"_links":{"self":[{"href":"https:\/\/baldumarket.lt\/lt\/wp-json\/wp\/v2\/product\/143831","targetHints":{"allow":["GET"]}}],"collection":[{"href":"https:\/\/baldumarket.lt\/lt\/wp-json\/wp\/v2\/product"}],"about":[{"href":"https:\/\/baldumarket.lt\/lt\/wp-json\/wp\/v2\/types\/product"}],"replies":[{"embeddable":true,"href":"https:\/\/baldumarket.lt\/lt\/wp-json\/wp\/v2\/comments?post=143831"}],"wp:featuredmedia":[{"embeddable":true,"href":"https:\/\/baldumarket.lt\/lt\/wp-json\/wp\/v2\/media\/143866"}],"wp:attachment":[{"href":"https:\/\/baldumarket.lt\/lt\/wp-json\/wp\/v2\/media?parent=143831"}],"wp:term":[{"taxonomy":"product_brand","embeddable":true,"href":"https:\/\/baldumarket.lt\/lt\/wp-json\/wp\/v2\/product_brand?post=143831"},{"taxonomy":"product_cat","embeddable":true,"href":"https:\/\/baldumarket.lt\/lt\/wp-json\/wp\/v2\/product_cat?post=143831"},{"taxonomy":"product_tag","embeddable":true,"href":"https:\/\/baldumarket.lt\/lt\/wp-json\/wp\/v2\/product_tag?post=143831"}],"curies":[{"name":"wp","href":"https:\/\/api.w.org\/{rel}","templated":true}]}}