{"id":143814,"date":"2025-12-14T02:11:48","date_gmt":"2025-12-13T23:11:48","guid":{"rendered":"https:\/\/baldumarket.lt\/?post_type=product&#038;p=143814"},"modified":"2026-02-03T23:36:13","modified_gmt":"2026-02-03T20:36:13","slug":"stol-kacper","status":"publish","type":"product","link":"https:\/\/baldumarket.lt\/lt\/product\/stol-kacper\/","title":{"rendered":"KACPER lentel\u0117"},"content":{"rendered":"<p>Specifikacijos: \u2013 Blizgi balta apdaila \u2013 Metalin\u0117s kreipian\u010diosios * baldai gaminami pagal u\u017esakym\u0105 \u2013 u\u017esakymo gamybos laikas: 4\u20136 savait\u0117s<\/p>","protected":false},"excerpt":{"rendered":"<p>Specifikacijos: \u2013 Blizgi balta apdaila \u2013 Metalin\u0117s kreipian\u010diosios * baldai gaminami pagal u\u017esakym\u0105 \u2013 u\u017esakymo gamybos laikas: 4\u20136 savait\u0117s<\/p>","protected":false},"featured_media":143851,"comment_status":"open","ping_status":"closed","template":"","meta":[],"product_brand":[],"product_cat":[9379,9385,3450,1934],"product_tag":[],"class_list":{"0":"post-143814","1":"product","2":"type-product","3":"status-publish","4":"has-post-thumbnail","6":"product_cat-furniture-system-kacper-pyka","7":"product_cat-tables-pyka","8":"product_cat-meble-pyka","9":"product_cat-tables","11":"first","12":"instock","13":"shipping-taxable","14":"purchasable","15":"product-type-variable","16":"wvs-archive-product-wrapper"},"_links":{"self":[{"href":"https:\/\/baldumarket.lt\/lt\/wp-json\/wp\/v2\/product\/143814","targetHints":{"allow":["GET"]}}],"collection":[{"href":"https:\/\/baldumarket.lt\/lt\/wp-json\/wp\/v2\/product"}],"about":[{"href":"https:\/\/baldumarket.lt\/lt\/wp-json\/wp\/v2\/types\/product"}],"replies":[{"embeddable":true,"href":"https:\/\/baldumarket.lt\/lt\/wp-json\/wp\/v2\/comments?post=143814"}],"wp:featuredmedia":[{"embeddable":true,"href":"https:\/\/baldumarket.lt\/lt\/wp-json\/wp\/v2\/media\/143851"}],"wp:attachment":[{"href":"https:\/\/baldumarket.lt\/lt\/wp-json\/wp\/v2\/media?parent=143814"}],"wp:term":[{"taxonomy":"product_brand","embeddable":true,"href":"https:\/\/baldumarket.lt\/lt\/wp-json\/wp\/v2\/product_brand?post=143814"},{"taxonomy":"product_cat","embeddable":true,"href":"https:\/\/baldumarket.lt\/lt\/wp-json\/wp\/v2\/product_cat?post=143814"},{"taxonomy":"product_tag","embeddable":true,"href":"https:\/\/baldumarket.lt\/lt\/wp-json\/wp\/v2\/product_tag?post=143814"}],"curies":[{"name":"wp","href":"https:\/\/api.w.org\/{rel}","templated":true}]}}