{"id":143812,"date":"2025-12-14T02:11:47","date_gmt":"2025-12-13T23:11:47","guid":{"rendered":"https:\/\/baldumarket.lt\/?post_type=product&#038;p=143812"},"modified":"2026-02-03T23:36:13","modified_gmt":"2026-02-03T20:36:13","slug":"stol-flavio-brunat-22-01","status":"publish","type":"product","link":"https:\/\/baldumarket.lt\/lt\/product\/stol-flavio-brunat-22-01\/","title":{"rendered":"FLAVIO Brunat 22-01 stalas"},"content":{"rendered":"<p>\u201eFlavio\u201c stalas \u2013 tai baldas, kuris tikrai pritrauks kiekvieno, vertinan\u010dio elegancij\u0105 ir paprastum\u0105, d\u0117mes\u012f. Stalo unikalum\u0105 pabr\u0117\u017eia ant jo pagrindo esan\u010dios medin\u0117s lentjuost\u0117s, suteikian\u010dios charakterio. Tvirta konstrukcija garantuoja stabilum\u0105 ir ilgaam\u017ei\u0161kum\u0105 daugel\u012f met\u0173. Specifikacijos: - Stalvir\u0161is pagamintas i\u0161 nat\u016bralaus \u0105\u017euolo faneros, - Faneros kojos su medin\u0117mis lentjuost\u0117mis, - \u012ed\u0117klai 2x45 cm.<\/p>","protected":false},"excerpt":{"rendered":"<p>\u201eFlavio\u201c stalas \u2013 tai baldas, kuris tikrai pritrauks kiekvieno, vertinan\u010dio elegancij\u0105 ir paprastum\u0105, d\u0117mes\u012f. Stalo unikalum\u0105 pabr\u0117\u017eia ant jo pagrindo esan\u010dios medin\u0117s lentjuost\u0117s, suteikian\u010dios jam charakterio. Tvirta konstrukcija garantuoja stabilum\u0105 ir ilgaam\u017ei\u0161kum\u0105 daugel\u012f met\u0173. Specifikacijos: -Stalvir\u0161is [\u2026]<\/p>","protected":false},"featured_media":143846,"comment_status":"open","ping_status":"closed","template":"","meta":[],"product_brand":[],"product_cat":[9385,3450,1934],"product_tag":[],"class_list":{"0":"post-143812","1":"product","2":"type-product","3":"status-publish","4":"has-post-thumbnail","6":"product_cat-tables-pyka","7":"product_cat-meble-pyka","8":"product_cat-tables","10":"first","11":"instock","12":"shipping-taxable","13":"purchasable","14":"product-type-variable","15":"wvs-archive-product-wrapper"},"_links":{"self":[{"href":"https:\/\/baldumarket.lt\/lt\/wp-json\/wp\/v2\/product\/143812","targetHints":{"allow":["GET"]}}],"collection":[{"href":"https:\/\/baldumarket.lt\/lt\/wp-json\/wp\/v2\/product"}],"about":[{"href":"https:\/\/baldumarket.lt\/lt\/wp-json\/wp\/v2\/types\/product"}],"replies":[{"embeddable":true,"href":"https:\/\/baldumarket.lt\/lt\/wp-json\/wp\/v2\/comments?post=143812"}],"wp:featuredmedia":[{"embeddable":true,"href":"https:\/\/baldumarket.lt\/lt\/wp-json\/wp\/v2\/media\/143846"}],"wp:attachment":[{"href":"https:\/\/baldumarket.lt\/lt\/wp-json\/wp\/v2\/media?parent=143812"}],"wp:term":[{"taxonomy":"product_brand","embeddable":true,"href":"https:\/\/baldumarket.lt\/lt\/wp-json\/wp\/v2\/product_brand?post=143812"},{"taxonomy":"product_cat","embeddable":true,"href":"https:\/\/baldumarket.lt\/lt\/wp-json\/wp\/v2\/product_cat?post=143812"},{"taxonomy":"product_tag","embeddable":true,"href":"https:\/\/baldumarket.lt\/lt\/wp-json\/wp\/v2\/product_tag?post=143812"}],"curies":[{"name":"wp","href":"https:\/\/api.w.org\/{rel}","templated":true}]}}